{"id":3048,"date":"2021-05-21T11:04:16","date_gmt":"2021-05-21T11:04:16","guid":{"rendered":"https:\/\/serviceunion.com\/?page_id=3048"},"modified":"2025-10-09T10:27:54","modified_gmt":"2025-10-09T10:27:54","slug":"impressum","status":"publish","type":"page","link":"https:\/\/serviceunion.com\/de\/impressum\/","title":{"rendered":"Impressum"},"content":{"rendered":"\t\t<div data-elementor-type=\"wp-page\" data-elementor-id=\"3048\" class=\"elementor elementor-3048\" data-elementor-post-type=\"page\">\n\t\t\t\t\t\t<section class=\"elementor-section elementor-top-section elementor-element elementor-element-c152e34 elementor-section-height-min-height elementor-section-boxed elementor-section-height-default elementor-section-items-middle\" data-id=\"c152e34\" data-element_type=\"section\" data-e-type=\"section\" data-settings=\"{&quot;background_background&quot;:&quot;classic&quot;}\">\n\t\t\t\t\t\t<div class=\"elementor-container elementor-column-gap-default\">\n\t\t\t\t\t<div class=\"elementor-column elementor-col-100 elementor-top-column elementor-element elementor-element-0a6c561\" data-id=\"0a6c561\" data-element_type=\"column\" data-e-type=\"column\">\n\t\t\t<div class=\"elementor-widget-wrap elementor-element-populated\">\n\t\t\t\t\t\t<div class=\"elementor-element elementor-element-6e1e5a31 elementor-widget elementor-widget-heading\" data-id=\"6e1e5a31\" data-element_type=\"widget\" data-e-type=\"widget\" data-widget_type=\"heading.default\">\n\t\t\t\t<div class=\"elementor-widget-container\">\n\t\t\t\t\t<h1 class=\"elementor-heading-title elementor-size-default\">Impressum<\/h1>\t\t\t\t<\/div>\n\t\t\t\t<\/div>\n\t\t\t\t\t<\/div>\n\t\t<\/div>\n\t\t\t\t\t<\/div>\n\t\t<\/section>\n\t\t\t\t<section class=\"elementor-section elementor-top-section elementor-element elementor-element-662dc503 elementor-section-boxed elementor-section-height-default elementor-section-height-default\" data-id=\"662dc503\" data-element_type=\"section\" data-e-type=\"section\">\n\t\t\t\t\t\t<div class=\"elementor-container elementor-column-gap-default\">\n\t\t\t\t\t<div class=\"elementor-column elementor-col-100 elementor-top-column elementor-element elementor-element-2916333\" data-id=\"2916333\" data-element_type=\"column\" data-e-type=\"column\">\n\t\t\t<div class=\"elementor-widget-wrap elementor-element-populated\">\n\t\t\t\t\t\t<div class=\"elementor-element elementor-element-f74f2fc elementor-widget elementor-widget-text-editor\" data-id=\"f74f2fc\" data-element_type=\"widget\" data-e-type=\"widget\" data-widget_type=\"text-editor.default\">\n\t\t\t\t<div class=\"elementor-widget-container\">\n\t\t\t\t\t\t\t\t\t<p><strong>Angaben gem\u00e4\u00df \u00a7 5 DDG:<\/strong><\/p><p>ServiceUnion GmbH<br \/>Heidchenstr. 10<br \/>56424 Bannberscheid<\/p><p><span style=\"text-decoration: underline;\">Vertreten durch:<\/span><\/p><p>Heidi Burkl<br \/>Daniel Gilles<\/p><p><span style=\"text-decoration: underline;\">Kontakt:<\/span><br \/>Telefon: +49 2602 93466-0<br \/>info@serviceunion.de<\/p><p>Registereintrag:<br \/>Registergericht:<br \/>Amtsgericht Montabaur<br \/>Registernummer: HRB 7490<\/p><p>USt.-IdNr. gem\u00e4\u00df \u00a727a<br \/>Umsatzsteuergesetz:<br \/>DE236028109<\/p><p>Streitschlichtung<br \/><span style=\"font-size: 19.2px;\">Wir sind weder bereit noch verpflichtet, an Streitbeilegungsverfahren vor Verbraucherschlichtungsstellen teilzunehmen.<\/span><\/p><p>Haftung f\u00fcr Inhalte<br \/>Als Diensteanbieter sind wir gem\u00e4\u00df \u00a7 7 Abs.1 DDG f\u00fcr eigene Inhalte auf diesen Seiten nach den allgemeinen Gesetzen verantwortlich. Nach \u00a7\u00a7 8 bis 10 DDG sind wir als Diensteanbieter jedoch nicht verpflichtet, \u00fcbermittelte oder gespeicherte fremde Informationen zu \u00fcberwachen oder nach Umst\u00e4nden zu forschen, die auf eine rechtswidrige T\u00e4tigkeit hinweisen.<br \/>Verpflichtungen zur Entfernung oder Sperrung der Nutzung von Informationen nach den allgemeinen Gesetzen bleiben hiervon unber\u00fchrt. Eine diesbez\u00fcgliche Haftung ist jedoch erst ab dem Zeitpunkt der Kenntnis einer konkreten Rechtsverletzung m\u00f6glich. Bei Bekanntwerden von entsprechenden Rechtsverletzungen werden wir diese Inhalte umgehend entfernen.<\/p><p>Haftung f\u00fcr Links<br \/>Unser Angebot enth\u00e4lt Links zu externen Websites Dritter, auf deren Inhalte wir keinen Einfluss haben. Deshalb k\u00f6nnen wir f\u00fcr diese fremden Inhalte auch keine Gew\u00e4hr \u00fcbernehmen. F\u00fcr die Inhalte der verlinkten Seiten ist stets der jeweilige Anbieter oder Betreiber der Seiten verantwortlich. Die verlinkten Seiten wurden zum Zeitpunkt der Verlinkung auf m\u00f6gliche Rechtsverst\u00f6\u00dfe \u00fcberpr\u00fcft. Rechtswidrige Inhalte waren zum Zeitpunkt der Verlinkung nicht erkennbar.<br \/>Eine permanente inhaltliche Kontrolle der verlinkten Seiten ist jedoch ohne konkrete Anhaltspunkte einer Rechtsverletzung nicht zumutbar. Bei Bekanntwerden von Rechtsverletzungen werden wir derartige Links umgehend entfernen.<\/p><p>Urheberrecht<br \/>Die durch die Seitenbetreiber erstellten Inhalte und Werke auf diesen Seiten unterliegen dem deutschen Urheberrecht. Die Vervielf\u00e4ltigung, Bearbeitung, Verbreitung und jede Art der Verwertung au\u00dferhalb der Grenzen des Urheberrechtes bed\u00fcrfen der schriftlichen Zustimmung des jeweiligen Autors bzw. Erstellers. Downloads und Kopien dieser Seite sind nur f\u00fcr den privaten, nicht kommerziellen Gebrauch gestattet.<br \/>Soweit die Inhalte auf dieser Seite nicht vom Betreiber erstellt wurden, werden die Urheberrechte Dritter beachtet. Insbesondere werden Inhalte Dritter als solche gekennzeichnet. Sollten Sie trotzdem auf eine Urheberrechtsverletzung aufmerksam werden, bitten wir um einen entsprechenden Hinweis. Bei Bekanntwerden von Rechtsverletzungen werden wir derartige Inhalte umgehend entfernen.<\/p><p>Copyright-Hinweis<br \/>\u00a9 ServiceUnion GmbH<br \/>Alle Rechte vorbehalten. Texte, Textausschnitte, Fotos, Bilder, Grafiken und Animationen sind urheberrechtlich gesch\u00fctzt. Die Verwertung dieser Daten bedarf der vorherigen Zustimmung der agriKomp GmbH. Soweit nicht anders angegeben, sind alle Markenzeichen auf agriKomp Websites markenrechtlich gesch\u00fctzt.<\/p>\t\t\t\t\t\t\t\t<\/div>\n\t\t\t\t<\/div>\n\t\t\t\t<div class=\"elementor-element elementor-element-17a21666 elementor-widget elementor-widget-spacer\" data-id=\"17a21666\" data-element_type=\"widget\" data-e-type=\"widget\" data-widget_type=\"spacer.default\">\n\t\t\t\t<div class=\"elementor-widget-container\">\n\t\t\t\t\t\t\t<div class=\"elementor-spacer\">\n\t\t\t<div class=\"elementor-spacer-inner\"><\/div>\n\t\t<\/div>\n\t\t\t\t\t\t<\/div>\n\t\t\t\t<\/div>\n\t\t\t\t\t<\/div>\n\t\t<\/div>\n\t\t\t\t\t<\/div>\n\t\t<\/section>\n\t\t\t\t<\/div>\n\t\t","protected":false},"excerpt":{"rendered":"<p>Impressum Angaben gem\u00e4\u00df \u00a7 5 DDG: ServiceUnion GmbHHeidchenstr. 1056424 Bannberscheid Vertreten durch: Heidi BurklDaniel Gilles Kontakt:Telefon: +49 2602 93466-0info@serviceunion.de Registereintrag:Registergericht:Amtsgericht MontabaurRegisternummer: HRB 7490 USt.-IdNr. gem\u00e4\u00df \u00a727aUmsatzsteuergesetz:DE236028109 StreitschlichtungWir sind weder bereit noch verpflichtet, an Streitbeilegungsverfahren vor Verbraucherschlichtungsstellen teilzunehmen. Haftung f\u00fcr InhalteAls Diensteanbieter sind wir gem\u00e4\u00df \u00a7 7 Abs.1 DDG f\u00fcr eigene Inhalte auf diesen Seiten nach [&hellip;]<\/p>\n","protected":false},"author":6,"featured_media":0,"parent":0,"menu_order":0,"comment_status":"closed","ping_status":"closed","template":"","meta":{"footnotes":""},"class_list":["post-3048","page","type-page","status-publish","hentry"],"yoast_head":"<!-- This site is optimized with the Yoast SEO plugin v27.4 - https:\/\/yoast.com\/product\/yoast-seo-wordpress\/ -->\n<title>Impressum - ServiceUnion GmbH<\/title>\n<meta name=\"description\" content=\"Ihr regionaler Partner, rund um Biogas und bundesweit vertreten. Wir machen Anlagen-, BHKW-, Labor- und Elektro-Service.\" \/>\n<meta name=\"robots\" content=\"noindex, nofollow\" \/>\n<meta property=\"og:locale\" content=\"de_DE\" \/>\n<meta property=\"og:type\" content=\"article\" \/>\n<meta property=\"og:title\" content=\"Impressum - ServiceUnion GmbH\" \/>\n<meta property=\"og:description\" content=\"Ihr regionaler Partner, rund um Biogas und bundesweit vertreten. Wir machen Anlagen-, BHKW-, Labor- und Elektro-Service.\" \/>\n<meta property=\"og:url\" content=\"https:\/\/serviceunion.com\/de\/impressum\/\" \/>\n<meta property=\"og:site_name\" content=\"ServiceUnion GmbH\" \/>\n<meta property=\"article:modified_time\" content=\"2025-10-09T10:27:54+00:00\" \/>\n<meta name=\"twitter:card\" content=\"summary_large_image\" \/>\n<meta name=\"twitter:label1\" content=\"Gesch\u00e4tzte Lesezeit\" \/>\n\t<meta name=\"twitter:data1\" content=\"3\u00a0Minuten\" \/>\n<script type=\"application\/ld+json\" class=\"yoast-schema-graph\">{\"@context\":\"https:\\\/\\\/schema.org\",\"@graph\":[{\"@type\":\"WebPage\",\"@id\":\"https:\\\/\\\/serviceunion.com\\\/de\\\/impressum\\\/\",\"url\":\"https:\\\/\\\/serviceunion.com\\\/de\\\/impressum\\\/\",\"name\":\"Impressum - ServiceUnion GmbH\",\"isPartOf\":{\"@id\":\"https:\\\/\\\/serviceunion.com\\\/de\\\/#website\"},\"datePublished\":\"2021-05-21T11:04:16+00:00\",\"dateModified\":\"2025-10-09T10:27:54+00:00\",\"description\":\"Ihr regionaler Partner, rund um Biogas und bundesweit vertreten. Wir machen Anlagen-, BHKW-, Labor- und Elektro-Service.\",\"breadcrumb\":{\"@id\":\"https:\\\/\\\/serviceunion.com\\\/de\\\/impressum\\\/#breadcrumb\"},\"inLanguage\":\"de\",\"potentialAction\":[{\"@type\":\"ReadAction\",\"target\":[\"https:\\\/\\\/serviceunion.com\\\/de\\\/impressum\\\/\"]}]},{\"@type\":\"BreadcrumbList\",\"@id\":\"https:\\\/\\\/serviceunion.com\\\/de\\\/impressum\\\/#breadcrumb\",\"itemListElement\":[{\"@type\":\"ListItem\",\"position\":1,\"name\":\"Homepage\",\"item\":\"https:\\\/\\\/serviceunion.com\\\/de\\\/\"},{\"@type\":\"ListItem\",\"position\":2,\"name\":\"Impressum\"}]},{\"@type\":\"WebSite\",\"@id\":\"https:\\\/\\\/serviceunion.com\\\/de\\\/#website\",\"url\":\"https:\\\/\\\/serviceunion.com\\\/de\\\/\",\"name\":\"ServiceUnion GmbH\",\"description\":\"Ihr regionaler Partner. Rund um Biogas. Bundesweit.\",\"publisher\":{\"@id\":\"https:\\\/\\\/serviceunion.com\\\/de\\\/#organization\"},\"potentialAction\":[{\"@type\":\"SearchAction\",\"target\":{\"@type\":\"EntryPoint\",\"urlTemplate\":\"https:\\\/\\\/serviceunion.com\\\/de\\\/?s={search_term_string}\"},\"query-input\":{\"@type\":\"PropertyValueSpecification\",\"valueRequired\":true,\"valueName\":\"search_term_string\"}}],\"inLanguage\":\"de\"},{\"@type\":\"Organization\",\"@id\":\"https:\\\/\\\/serviceunion.com\\\/de\\\/#organization\",\"name\":\"ServiceUnion GmbH\",\"url\":\"https:\\\/\\\/serviceunion.com\\\/de\\\/\",\"logo\":{\"@type\":\"ImageObject\",\"inLanguage\":\"de\",\"@id\":\"https:\\\/\\\/serviceunion.com\\\/de\\\/#\\\/schema\\\/logo\\\/image\\\/\",\"url\":\"https:\\\/\\\/serviceunion.com\\\/wp-content\\\/uploads\\\/2021\\\/02\\\/160601_su-serviceunion-logo-4c-01-300x47-2.png\",\"contentUrl\":\"https:\\\/\\\/serviceunion.com\\\/wp-content\\\/uploads\\\/2021\\\/02\\\/160601_su-serviceunion-logo-4c-01-300x47-2.png\",\"width\":300,\"height\":47,\"caption\":\"ServiceUnion GmbH\"},\"image\":{\"@id\":\"https:\\\/\\\/serviceunion.com\\\/de\\\/#\\\/schema\\\/logo\\\/image\\\/\"}}]}<\/script>\n<!-- \/ Yoast SEO plugin. -->","yoast_head_json":{"title":"Impressum - ServiceUnion GmbH","description":"Ihr regionaler Partner, rund um Biogas und bundesweit vertreten. Wir machen Anlagen-, BHKW-, Labor- und Elektro-Service.","robots":{"index":"noindex","follow":"nofollow"},"og_locale":"de_DE","og_type":"article","og_title":"Impressum - ServiceUnion GmbH","og_description":"Ihr regionaler Partner, rund um Biogas und bundesweit vertreten. Wir machen Anlagen-, BHKW-, Labor- und Elektro-Service.","og_url":"https:\/\/serviceunion.com\/de\/impressum\/","og_site_name":"ServiceUnion GmbH","article_modified_time":"2025-10-09T10:27:54+00:00","twitter_card":"summary_large_image","twitter_misc":{"Gesch\u00e4tzte Lesezeit":"3\u00a0Minuten"},"schema":{"@context":"https:\/\/schema.org","@graph":[{"@type":"WebPage","@id":"https:\/\/serviceunion.com\/de\/impressum\/","url":"https:\/\/serviceunion.com\/de\/impressum\/","name":"Impressum - ServiceUnion GmbH","isPartOf":{"@id":"https:\/\/serviceunion.com\/de\/#website"},"datePublished":"2021-05-21T11:04:16+00:00","dateModified":"2025-10-09T10:27:54+00:00","description":"Ihr regionaler Partner, rund um Biogas und bundesweit vertreten. Wir machen Anlagen-, BHKW-, Labor- und Elektro-Service.","breadcrumb":{"@id":"https:\/\/serviceunion.com\/de\/impressum\/#breadcrumb"},"inLanguage":"de","potentialAction":[{"@type":"ReadAction","target":["https:\/\/serviceunion.com\/de\/impressum\/"]}]},{"@type":"BreadcrumbList","@id":"https:\/\/serviceunion.com\/de\/impressum\/#breadcrumb","itemListElement":[{"@type":"ListItem","position":1,"name":"Homepage","item":"https:\/\/serviceunion.com\/de\/"},{"@type":"ListItem","position":2,"name":"Impressum"}]},{"@type":"WebSite","@id":"https:\/\/serviceunion.com\/de\/#website","url":"https:\/\/serviceunion.com\/de\/","name":"ServiceUnion GmbH","description":"Ihr regionaler Partner. Rund um Biogas. Bundesweit.","publisher":{"@id":"https:\/\/serviceunion.com\/de\/#organization"},"potentialAction":[{"@type":"SearchAction","target":{"@type":"EntryPoint","urlTemplate":"https:\/\/serviceunion.com\/de\/?s={search_term_string}"},"query-input":{"@type":"PropertyValueSpecification","valueRequired":true,"valueName":"search_term_string"}}],"inLanguage":"de"},{"@type":"Organization","@id":"https:\/\/serviceunion.com\/de\/#organization","name":"ServiceUnion GmbH","url":"https:\/\/serviceunion.com\/de\/","logo":{"@type":"ImageObject","inLanguage":"de","@id":"https:\/\/serviceunion.com\/de\/#\/schema\/logo\/image\/","url":"https:\/\/serviceunion.com\/wp-content\/uploads\/2021\/02\/160601_su-serviceunion-logo-4c-01-300x47-2.png","contentUrl":"https:\/\/serviceunion.com\/wp-content\/uploads\/2021\/02\/160601_su-serviceunion-logo-4c-01-300x47-2.png","width":300,"height":47,"caption":"ServiceUnion GmbH"},"image":{"@id":"https:\/\/serviceunion.com\/de\/#\/schema\/logo\/image\/"}}]}},"_links":{"self":[{"href":"https:\/\/serviceunion.com\/de\/wp-json\/wp\/v2\/pages\/3048","targetHints":{"allow":["GET"]}}],"collection":[{"href":"https:\/\/serviceunion.com\/de\/wp-json\/wp\/v2\/pages"}],"about":[{"href":"https:\/\/serviceunion.com\/de\/wp-json\/wp\/v2\/types\/page"}],"author":[{"embeddable":true,"href":"https:\/\/serviceunion.com\/de\/wp-json\/wp\/v2\/users\/6"}],"replies":[{"embeddable":true,"href":"https:\/\/serviceunion.com\/de\/wp-json\/wp\/v2\/comments?post=3048"}],"version-history":[{"count":19,"href":"https:\/\/serviceunion.com\/de\/wp-json\/wp\/v2\/pages\/3048\/revisions"}],"predecessor-version":[{"id":10755,"href":"https:\/\/serviceunion.com\/de\/wp-json\/wp\/v2\/pages\/3048\/revisions\/10755"}],"wp:attachment":[{"href":"https:\/\/serviceunion.com\/de\/wp-json\/wp\/v2\/media?parent=3048"}],"curies":[{"name":"wp","href":"https:\/\/api.w.org\/{rel}","templated":true}]}}