{"id":4739,"date":"2021-07-08T09:03:02","date_gmt":"2021-07-08T09:03:02","guid":{"rendered":"https:\/\/serviceunion.com\/?page_id=4739"},"modified":"2022-02-21T08:33:59","modified_gmt":"2022-02-21T08:33:59","slug":"kontakt","status":"publish","type":"page","link":"https:\/\/serviceunion.com\/de\/kontakt\/","title":{"rendered":"Kontakt"},"content":{"rendered":"\t\t<div data-elementor-type=\"wp-page\" data-elementor-id=\"4739\" class=\"elementor elementor-4739\" data-elementor-post-type=\"page\">\n\t\t\t\t\t\t<section class=\"elementor-section elementor-top-section elementor-element elementor-element-c152e34 elementor-section-height-min-height elementor-section-boxed elementor-section-height-default elementor-section-items-middle\" data-id=\"c152e34\" data-element_type=\"section\" data-e-type=\"section\" data-settings=\"{&quot;background_background&quot;:&quot;classic&quot;}\">\n\t\t\t\t\t\t<div class=\"elementor-container elementor-column-gap-default\">\n\t\t\t\t\t<div class=\"elementor-column elementor-col-100 elementor-top-column elementor-element elementor-element-0a6c561\" data-id=\"0a6c561\" data-element_type=\"column\" data-e-type=\"column\">\n\t\t\t<div class=\"elementor-widget-wrap elementor-element-populated\">\n\t\t\t\t\t\t<div class=\"elementor-element elementor-element-6e1e5a31 elementor-widget elementor-widget-heading\" data-id=\"6e1e5a31\" data-element_type=\"widget\" data-e-type=\"widget\" data-widget_type=\"heading.default\">\n\t\t\t\t<div class=\"elementor-widget-container\">\n\t\t\t\t\t<h1 class=\"elementor-heading-title elementor-size-default\">Kontakt<\/h1>\t\t\t\t<\/div>\n\t\t\t\t<\/div>\n\t\t\t\t\t<\/div>\n\t\t<\/div>\n\t\t\t\t\t<\/div>\n\t\t<\/section>\n\t\t\t\t<section class=\"elementor-section elementor-top-section elementor-element elementor-element-662dc503 elementor-section-boxed elementor-section-height-default elementor-section-height-default\" data-id=\"662dc503\" data-element_type=\"section\" data-e-type=\"section\">\n\t\t\t\t\t\t<div class=\"elementor-container elementor-column-gap-default\">\n\t\t\t\t\t<div class=\"elementor-column elementor-col-100 elementor-top-column elementor-element elementor-element-2916333\" data-id=\"2916333\" data-element_type=\"column\" data-e-type=\"column\">\n\t\t\t<div class=\"elementor-widget-wrap elementor-element-populated\">\n\t\t\t\t\t\t<div class=\"elementor-element elementor-element-4681bf9 elementor-widget elementor-widget-template\" data-id=\"4681bf9\" data-element_type=\"widget\" data-e-type=\"widget\" data-widget_type=\"template.default\">\n\t\t\t\t<div class=\"elementor-widget-container\">\n\t\t\t\t\t\t\t<div class=\"elementor-template\">\n\t\t\t\t\t<div data-elementor-type=\"section\" data-elementor-id=\"2653\" class=\"elementor elementor-2653\" data-elementor-post-type=\"elementor_library\">\n\t\t\t\t\t<section class=\"elementor-section elementor-top-section elementor-element elementor-element-169923b6 elementor-section-boxed elementor-section-height-default elementor-section-height-default\" data-id=\"169923b6\" data-element_type=\"section\" data-e-type=\"section\">\n\t\t\t\t\t\t<div class=\"elementor-container elementor-column-gap-default\">\n\t\t\t\t\t<div class=\"elementor-column elementor-col-100 elementor-top-column elementor-element elementor-element-2de0fe36\" data-id=\"2de0fe36\" data-element_type=\"column\" data-e-type=\"column\">\n\t\t\t<div class=\"elementor-widget-wrap elementor-element-populated\">\n\t\t\t\t\t\t<div class=\"elementor-element elementor-element-25b69361 elementor-widget elementor-widget-spacer\" data-id=\"25b69361\" data-element_type=\"widget\" data-e-type=\"widget\" data-widget_type=\"spacer.default\">\n\t\t\t\t<div class=\"elementor-widget-container\">\n\t\t\t\t\t\t\t<div class=\"elementor-spacer\">\n\t\t\t<div class=\"elementor-spacer-inner\"><\/div>\n\t\t<\/div>\n\t\t\t\t\t\t<\/div>\n\t\t\t\t<\/div>\n\t\t\t\t<section class=\"elementor-section elementor-inner-section elementor-element elementor-element-2eadc21a elementor-section-boxed elementor-section-height-default elementor-section-height-default\" data-id=\"2eadc21a\" data-element_type=\"section\" data-e-type=\"section\">\n\t\t\t\t\t\t<div class=\"elementor-container elementor-column-gap-wider\">\n\t\t\t\t\t<div class=\"elementor-column elementor-col-50 elementor-inner-column elementor-element elementor-element-45994a22\" data-id=\"45994a22\" data-element_type=\"column\" data-e-type=\"column\">\n\t\t\t<div class=\"elementor-widget-wrap elementor-element-populated\">\n\t\t\t\t\t\t<div class=\"elementor-element elementor-element-1cd072d4 elementor-view-default elementor-widget elementor-widget-icon\" data-id=\"1cd072d4\" data-element_type=\"widget\" data-e-type=\"widget\" data-widget_type=\"icon.default\">\n\t\t\t\t<div class=\"elementor-widget-container\">\n\t\t\t\t\t\t\t<div class=\"elementor-icon-wrapper\">\n\t\t\t<div class=\"elementor-icon\">\n\t\t\t<i aria-hidden=\"true\" class=\"fas fa-phone\"><\/i>\t\t\t<\/div>\n\t\t<\/div>\n\t\t\t\t\t\t<\/div>\n\t\t\t\t<\/div>\n\t\t\t\t<div class=\"elementor-element elementor-element-2d84ae4b elementor-widget elementor-widget-heading\" data-id=\"2d84ae4b\" data-element_type=\"widget\" data-e-type=\"widget\" data-widget_type=\"heading.default\">\n\t\t\t\t<div class=\"elementor-widget-container\">\n\t\t\t\t\t<h2 class=\"elementor-heading-title elementor-size-default\">Technischer Support<\/h2>\t\t\t\t<\/div>\n\t\t\t\t<\/div>\n\t\t\t\t<div class=\"elementor-element elementor-element-4015cef0 elementor-align-center elementor-widget elementor-widget-button\" data-id=\"4015cef0\" data-element_type=\"widget\" data-e-type=\"widget\" data-widget_type=\"button.default\">\n\t\t\t\t<div class=\"elementor-widget-container\">\n\t\t\t\t\t\t\t\t\t<div class=\"elementor-button-wrapper\">\n\t\t\t\t\t<a class=\"elementor-button elementor-button-link elementor-size-lg\" href=\"tel:+4998263248911\">\n\t\t\t\t\t\t<span class=\"elementor-button-content-wrapper\">\n\t\t\t\t\t\t\t\t\t<span class=\"elementor-button-text\">+49 9826 3248 - 911<\/span>\n\t\t\t\t\t<\/span>\n\t\t\t\t\t<\/a>\n\t\t\t\t<\/div>\n\t\t\t\t\t\t\t\t<\/div>\n\t\t\t\t<\/div>\n\t\t\t\t<div class=\"elementor-element elementor-element-7400e26c elementor-widget elementor-widget-text-editor\" data-id=\"7400e26c\" data-element_type=\"widget\" data-e-type=\"widget\" data-widget_type=\"text-editor.default\">\n\t\t\t\t<div class=\"elementor-widget-container\">\n\t\t\t\t\t\t\t\t\t<div class=\"elementor-element elementor-element-7400e26c elementor-widget elementor-widget-text-editor\" data-id=\"7400e26c\" data-element_type=\"widget\" data-widget_type=\"text-editor.default\">\n<div class=\"elementor-widget-container\">\n\nKostenloser** telefonischer Support wann Sie ihn brauchen!\n\nMontag\u00a0 bis Freitag:\n07:00 Uhr bis 21:00 Uhr\n\nSamstag, Sonntag und an Feiertagen:\n10:00 Uhr bis 19:00 Uhr\n\n<\/div>\n<\/div>\n<div class=\"elementor-element elementor-element-b067bb1 elementor-widget elementor-widget-text-editor\" data-id=\"b067bb1\" data-element_type=\"widget\" data-widget_type=\"text-editor.default\">\n<div class=\"elementor-widget-container\">\n\n** Geb\u00fchren richten sich nach Ihren Tarif f\u00fcr Festnetzgespr\u00e4che innerhalb Deutschlands\n\n<\/div>\n<\/div>\t\t\t\t\t\t\t\t<\/div>\n\t\t\t\t<\/div>\n\t\t\t\t\t<\/div>\n\t\t<\/div>\n\t\t\t\t<div class=\"elementor-column elementor-col-50 elementor-inner-column elementor-element elementor-element-281da151\" data-id=\"281da151\" data-element_type=\"column\" data-e-type=\"column\">\n\t\t\t<div class=\"elementor-widget-wrap elementor-element-populated\">\n\t\t\t\t\t\t<div class=\"elementor-element elementor-element-14408e7d elementor-view-default elementor-widget elementor-widget-icon\" data-id=\"14408e7d\" data-element_type=\"widget\" data-e-type=\"widget\" data-widget_type=\"icon.default\">\n\t\t\t\t<div class=\"elementor-widget-container\">\n\t\t\t\t\t\t\t<div class=\"elementor-icon-wrapper\">\n\t\t\t<div class=\"elementor-icon\">\n\t\t\t<i aria-hidden=\"true\" class=\"fas fa-comment\"><\/i>\t\t\t<\/div>\n\t\t<\/div>\n\t\t\t\t\t\t<\/div>\n\t\t\t\t<\/div>\n\t\t\t\t<div class=\"elementor-element elementor-element-19f8a2b3 elementor-widget elementor-widget-heading\" data-id=\"19f8a2b3\" data-element_type=\"widget\" data-e-type=\"widget\" data-widget_type=\"heading.default\">\n\t\t\t\t<div class=\"elementor-widget-container\">\n\t\t\t\t\t<h2 class=\"elementor-heading-title elementor-size-default\">Ihre Nachricht an uns<\/h2>\t\t\t\t<\/div>\n\t\t\t\t<\/div>\n\t\t\t\t<div class=\"elementor-element elementor-element-38e85e2c elementor-widget elementor-widget-wpforms\" data-id=\"38e85e2c\" data-element_type=\"widget\" data-e-type=\"widget\" data-widget_type=\"wpforms.default\">\n\t\t\t\t<div class=\"elementor-widget-container\">\n\t\t\t\t\t<div class=\"wpforms-container wpforms-container-full\" id=\"wpforms-943\"><form id=\"wpforms-form-943\" class=\"wpforms-validate wpforms-form\" data-formid=\"943\" method=\"post\" enctype=\"multipart\/form-data\" action=\"\/de\/wp-json\/wp\/v2\/pages\/4739\" data-token=\"442d060956729831a339fe9d345c7ff4\" data-token-time=\"1776501177\"><noscript class=\"wpforms-error-noscript\">Bitte aktiviere JavaScript in deinem Browser, um dieses Formular fertigzustellen.<\/noscript><div class=\"wpforms-field-container\"><div id=\"wpforms-943-field_3-container\" class=\"wpforms-field wpforms-field-name\" data-field-id=\"3\"><label class=\"wpforms-field-label wpforms-label-hide\" for=\"wpforms-943-field_3\">Name <span class=\"wpforms-required-label\">*<\/span><\/label><input type=\"text\" id=\"wpforms-943-field_3\" class=\"wpforms-field-large wpforms-field-required\" name=\"wpforms[fields][3]\" placeholder=\"Name*\" required><\/div><div id=\"wpforms-943-field_5-container\" class=\"wpforms-field wpforms-field-email\" data-field-id=\"5\"><label class=\"wpforms-field-label wpforms-label-hide\" for=\"wpforms-943-field_5\">E-Mail <span class=\"wpforms-required-label\">*<\/span><\/label><input type=\"email\" id=\"wpforms-943-field_5\" class=\"wpforms-field-large wpforms-field-required\" name=\"wpforms[fields][5]\" placeholder=\"E-Mail*\" spellcheck=\"false\" required><\/div><div id=\"wpforms-943-field_6-container\" class=\"wpforms-field wpforms-field-phone\" data-field-id=\"6\"><label class=\"wpforms-field-label wpforms-label-hide\" for=\"wpforms-943-field_6\">Telefon <span class=\"wpforms-required-label\">*<\/span><\/label><input type=\"tel\" id=\"wpforms-943-field_6\" class=\"wpforms-field-large wpforms-field-required\" data-rule-int-phone-field=\"true\" name=\"wpforms[fields][6]\" placeholder=\"Telefon*\" aria-label=\"Telefon\" required><\/div><div id=\"wpforms-943-field_16-container\" class=\"wpforms-field wpforms-field-text\" data-field-id=\"16\"><label class=\"wpforms-field-label wpforms-label-hide\" for=\"wpforms-943-field_16\">Stra\u00dfe, Hausnummer<\/label><input type=\"text\" id=\"wpforms-943-field_16\" class=\"wpforms-field-large\" name=\"wpforms[fields][16]\" placeholder=\"Stra\u00dfe, Hausnummer\" ><\/div><div id=\"wpforms-943-field_14-container\" class=\"wpforms-field wpforms-field-text\" data-field-id=\"14\"><label class=\"wpforms-field-label wpforms-label-hide\" for=\"wpforms-943-field_14\">Postleitzahl<\/label><input type=\"text\" id=\"wpforms-943-field_14\" class=\"wpforms-field-large\" name=\"wpforms[fields][14]\" placeholder=\"Postleitzahl\" ><\/div><div id=\"wpforms-943-field_13-container\" class=\"wpforms-field wpforms-field-select wpforms-field-select-style-modern\" data-field-id=\"13\"><label class=\"wpforms-field-label wpforms-label-hide\" for=\"wpforms-943-field_13\">Betreff <span class=\"wpforms-required-label\">*<\/span><\/label><select id=\"wpforms-943-field_13\" class=\"wpforms-field-large wpforms-field-required choicesjs-select\" data-size-class=\"wpforms-field-row wpforms-field-large\" data-search-enabled=\"1\" name=\"wpforms[fields][13]\" required=\"required\"><option value=\"\" class=\"placeholder\" disabled  selected='selected'>Betreff ausw\u00e4hlen<\/option><option value=\"Anfrage Anlage\"  class=\"choice-1 depth-1\"  >Anfrage Anlage<\/option><option value=\"Anfrage BHKW\"  class=\"choice-2 depth-1\"  >Anfrage BHKW<\/option><option value=\"Anfrage Elektro\"  class=\"choice-3 depth-1\"  >Anfrage Elektro<\/option><option value=\"Anfrage Labor\"  class=\"choice-4 depth-1\"  >Anfrage Labor<\/option><option value=\"Anfrage Planung\"  class=\"choice-5 depth-1\"  >Anfrage Planung<\/option><option value=\"Anfrage Vertrieb\"  class=\"choice-6 depth-1\"  >Anfrage Vertrieb<\/option><option value=\"Ersatzteile\"  class=\"choice-7 depth-1\"  >Ersatzteile<\/option><option value=\"Verbrauchsmaterial\"  class=\"choice-8 depth-1\"  >Verbrauchsmaterial<\/option><option value=\"Sonstiges\"  class=\"choice-9 depth-1\"  >Sonstiges<\/option><\/select><\/div><div id=\"wpforms-943-field_9-container\" class=\"wpforms-field wpforms-field-textarea\" data-field-id=\"9\"><label class=\"wpforms-field-label wpforms-label-hide\" for=\"wpforms-943-field_9\">Textabsatz<\/label><textarea id=\"wpforms-943-field_9\" class=\"wpforms-field-medium\" name=\"wpforms[fields][9]\" placeholder=\"Ihre Nachricht\" ><\/textarea><\/div><div id=\"wpforms-943-field_10-container\" class=\"wpforms-field wpforms-field-gdpr-checkbox\" data-field-id=\"10\"><label class=\"wpforms-field-label\">DSGVO-Einverst\u00e4ndnis <span class=\"wpforms-required-label\">*<\/span><\/label><ul id=\"wpforms-943-field_10\" class=\"wpforms-field-required\"><li class=\"choice-1\"><input type=\"checkbox\" id=\"wpforms-943-field_10_1\" name=\"wpforms[fields][10][]\" value=\"Ich willige ein, dass diese Website meine \u00fcbermittelten Informationen speichert, sodass meine Anfrage beantwortet werden kann.\" required ><label class=\"wpforms-field-label-inline\" for=\"wpforms-943-field_10_1\">Ich willige ein, dass diese Website meine \u00fcbermittelten Informationen speichert, sodass meine Anfrage beantwortet werden kann.<\/label><\/li><\/ul><\/div><div id=\"wpforms-943-field_12-container\" class=\"wpforms-field wpforms-field-checkbox\" data-field-id=\"12\"><label class=\"wpforms-field-label\">Informationsversand<\/label><ul id=\"wpforms-943-field_12\" data-choice-limit=\"1\"><li class=\"choice-1 depth-1\"><input type=\"checkbox\" id=\"wpforms-943-field_12_1\" data-rule-check-limit=\"true\" name=\"wpforms[fields][12][]\" value=\" Ich m\u00f6chte in Zukunft Informationen, Einladungen zu Veranstaltungen und Angebote von der ServiceUnion und dem Partnernetzwerk agriKomp erhalten.\"  ><label class=\"wpforms-field-label-inline\" for=\"wpforms-943-field_12_1\">Ich m\u00f6chte in Zukunft Informationen, Einladungen zu Veranstaltungen und Angebote von der ServiceUnion und dem Partnernetzwerk agriKomp erhalten.<\/label><\/li><\/ul><\/div><\/div><!-- .wpforms-field-container --><div class=\"wpforms-recaptcha-container wpforms-is-hcaptcha\" ><div class=\"h-captcha\" data-sitekey=\"ecca14d7-7ff9-4b24-823f-d8d477a68e83\"><\/div><input type=\"text\" name=\"g-recaptcha-hidden\" class=\"wpforms-recaptcha-hidden\" style=\"position:absolute!important;clip:rect(0,0,0,0)!important;height:1px!important;width:1px!important;border:0!important;overflow:hidden!important;padding:0!important;margin:0!important;\" data-rule-hcaptcha=\"1\"><\/div><div class=\"wpforms-submit-container\" ><input type=\"hidden\" name=\"wpforms[id]\" value=\"943\"><input type=\"hidden\" name=\"page_title\" value=\"\"><input type=\"hidden\" name=\"page_url\" value=\"https:\/\/serviceunion.com\/de\/wp-json\/wp\/v2\/pages\/4739\"><input type=\"hidden\" name=\"url_referer\" value=\"\"><button type=\"submit\" name=\"wpforms[submit]\" id=\"wpforms-submit-943\" class=\"wpforms-submit\" data-alt-text=\"Senden...\" data-submit-text=\"Absenden\" aria-live=\"assertive\" value=\"wpforms-submit\">Absenden<\/button><\/div><\/form><\/div>  <!-- .wpforms-container -->\t\t\t\t<\/div>\n\t\t\t\t<\/div>\n\t\t\t\t<div class=\"elementor-element elementor-element-7419bc65 elementor-widget elementor-widget-text-editor\" data-id=\"7419bc65\" data-element_type=\"widget\" data-e-type=\"widget\" data-widget_type=\"text-editor.default\">\n\t\t\t\t<div class=\"elementor-widget-container\">\n\t\t\t\t\t\t\t\t\t<p>* Pflichtfeld<\/p>\t\t\t\t\t\t\t\t<\/div>\n\t\t\t\t<\/div>\n\t\t\t\t\t<\/div>\n\t\t<\/div>\n\t\t\t\t\t<\/div>\n\t\t<\/section>\n\t\t\t\t<div class=\"elementor-element elementor-element-46e7fbd5 elementor-widget elementor-widget-spacer\" data-id=\"46e7fbd5\" data-element_type=\"widget\" data-e-type=\"widget\" data-widget_type=\"spacer.default\">\n\t\t\t\t<div class=\"elementor-widget-container\">\n\t\t\t\t\t\t\t<div class=\"elementor-spacer\">\n\t\t\t<div class=\"elementor-spacer-inner\"><\/div>\n\t\t<\/div>\n\t\t\t\t\t\t<\/div>\n\t\t\t\t<\/div>\n\t\t\t\t\t<\/div>\n\t\t<\/div>\n\t\t\t\t\t<\/div>\n\t\t<\/section>\n\t\t\t\t<\/div>\n\t\t\t\t<\/div>\n\t\t\t\t\t\t<\/div>\n\t\t\t\t<\/div>\n\t\t\t\t<div class=\"elementor-element elementor-element-17a21666 elementor-widget elementor-widget-spacer\" data-id=\"17a21666\" data-element_type=\"widget\" data-e-type=\"widget\" data-widget_type=\"spacer.default\">\n\t\t\t\t<div class=\"elementor-widget-container\">\n\t\t\t\t\t\t\t<div class=\"elementor-spacer\">\n\t\t\t<div class=\"elementor-spacer-inner\"><\/div>\n\t\t<\/div>\n\t\t\t\t\t\t<\/div>\n\t\t\t\t<\/div>\n\t\t\t\t\t<\/div>\n\t\t<\/div>\n\t\t\t\t\t<\/div>\n\t\t<\/section>\n\t\t\t\t<\/div>\n\t\t","protected":false},"excerpt":{"rendered":"<p>Kontakt<\/p>\n","protected":false},"author":6,"featured_media":0,"parent":0,"menu_order":0,"comment_status":"closed","ping_status":"closed","template":"","meta":{"footnotes":""},"class_list":["post-4739","page","type-page","status-publish","hentry"],"yoast_head":"<!-- This site is optimized with the Yoast SEO plugin v27.4 - https:\/\/yoast.com\/product\/yoast-seo-wordpress\/ -->\n<title>Kontakt - ServiceUnion GmbH<\/title>\n<meta name=\"description\" content=\"Ihr regionaler Partner, rund um Biogas und bundesweit vertreten. Wir machen Anlagen-, BHKW-, Labor- und Elektro-Service.\" \/>\n<meta name=\"robots\" content=\"index, follow, max-snippet:-1, max-image-preview:large, max-video-preview:-1\" \/>\n<link rel=\"canonical\" href=\"https:\/\/serviceunion.com\/kontakt\/\" \/>\n<meta property=\"og:locale\" content=\"de_DE\" \/>\n<meta property=\"og:type\" content=\"article\" \/>\n<meta property=\"og:title\" content=\"Kontakt - ServiceUnion GmbH\" \/>\n<meta property=\"og:description\" content=\"Ihr regionaler Partner, rund um Biogas und bundesweit vertreten. Wir machen Anlagen-, BHKW-, Labor- und Elektro-Service.\" \/>\n<meta property=\"og:url\" content=\"https:\/\/serviceunion.com\/kontakt\/\" \/>\n<meta property=\"og:site_name\" content=\"ServiceUnion GmbH\" \/>\n<meta property=\"article:modified_time\" content=\"2022-02-21T08:33:59+00:00\" \/>\n<meta name=\"twitter:card\" content=\"summary_large_image\" \/>\n<meta name=\"twitter:label1\" content=\"Gesch\u00e4tzte Lesezeit\" \/>\n\t<meta name=\"twitter:data1\" content=\"1\u00a0Minute\" \/>\n<script type=\"application\/ld+json\" class=\"yoast-schema-graph\">{\"@context\":\"https:\\\/\\\/schema.org\",\"@graph\":[{\"@type\":\"WebPage\",\"@id\":\"https:\\\/\\\/serviceunion.com\\\/kontakt\\\/\",\"url\":\"https:\\\/\\\/serviceunion.com\\\/kontakt\\\/\",\"name\":\"Kontakt - ServiceUnion GmbH\",\"isPartOf\":{\"@id\":\"https:\\\/\\\/serviceunion.com\\\/de\\\/#website\"},\"datePublished\":\"2021-07-08T09:03:02+00:00\",\"dateModified\":\"2022-02-21T08:33:59+00:00\",\"description\":\"Ihr regionaler Partner, rund um Biogas und bundesweit vertreten. Wir machen Anlagen-, BHKW-, Labor- und Elektro-Service.\",\"breadcrumb\":{\"@id\":\"https:\\\/\\\/serviceunion.com\\\/kontakt\\\/#breadcrumb\"},\"inLanguage\":\"de\",\"potentialAction\":[{\"@type\":\"ReadAction\",\"target\":[\"https:\\\/\\\/serviceunion.com\\\/kontakt\\\/\"]}]},{\"@type\":\"BreadcrumbList\",\"@id\":\"https:\\\/\\\/serviceunion.com\\\/kontakt\\\/#breadcrumb\",\"itemListElement\":[{\"@type\":\"ListItem\",\"position\":1,\"name\":\"Homepage\",\"item\":\"https:\\\/\\\/serviceunion.com\\\/de\\\/\"},{\"@type\":\"ListItem\",\"position\":2,\"name\":\"Kontakt\"}]},{\"@type\":\"WebSite\",\"@id\":\"https:\\\/\\\/serviceunion.com\\\/de\\\/#website\",\"url\":\"https:\\\/\\\/serviceunion.com\\\/de\\\/\",\"name\":\"ServiceUnion GmbH\",\"description\":\"Ihr regionaler Partner. Rund um Biogas. Bundesweit.\",\"publisher\":{\"@id\":\"https:\\\/\\\/serviceunion.com\\\/de\\\/#organization\"},\"potentialAction\":[{\"@type\":\"SearchAction\",\"target\":{\"@type\":\"EntryPoint\",\"urlTemplate\":\"https:\\\/\\\/serviceunion.com\\\/de\\\/?s={search_term_string}\"},\"query-input\":{\"@type\":\"PropertyValueSpecification\",\"valueRequired\":true,\"valueName\":\"search_term_string\"}}],\"inLanguage\":\"de\"},{\"@type\":\"Organization\",\"@id\":\"https:\\\/\\\/serviceunion.com\\\/de\\\/#organization\",\"name\":\"ServiceUnion GmbH\",\"url\":\"https:\\\/\\\/serviceunion.com\\\/de\\\/\",\"logo\":{\"@type\":\"ImageObject\",\"inLanguage\":\"de\",\"@id\":\"https:\\\/\\\/serviceunion.com\\\/de\\\/#\\\/schema\\\/logo\\\/image\\\/\",\"url\":\"https:\\\/\\\/serviceunion.com\\\/wp-content\\\/uploads\\\/2021\\\/02\\\/160601_su-serviceunion-logo-4c-01-300x47-2.png\",\"contentUrl\":\"https:\\\/\\\/serviceunion.com\\\/wp-content\\\/uploads\\\/2021\\\/02\\\/160601_su-serviceunion-logo-4c-01-300x47-2.png\",\"width\":300,\"height\":47,\"caption\":\"ServiceUnion GmbH\"},\"image\":{\"@id\":\"https:\\\/\\\/serviceunion.com\\\/de\\\/#\\\/schema\\\/logo\\\/image\\\/\"}}]}<\/script>\n<!-- \/ Yoast SEO plugin. -->","yoast_head_json":{"title":"Kontakt - ServiceUnion GmbH","description":"Ihr regionaler Partner, rund um Biogas und bundesweit vertreten. Wir machen Anlagen-, BHKW-, Labor- und Elektro-Service.","robots":{"index":"index","follow":"follow","max-snippet":"max-snippet:-1","max-image-preview":"max-image-preview:large","max-video-preview":"max-video-preview:-1"},"canonical":"https:\/\/serviceunion.com\/kontakt\/","og_locale":"de_DE","og_type":"article","og_title":"Kontakt - ServiceUnion GmbH","og_description":"Ihr regionaler Partner, rund um Biogas und bundesweit vertreten. Wir machen Anlagen-, BHKW-, Labor- und Elektro-Service.","og_url":"https:\/\/serviceunion.com\/kontakt\/","og_site_name":"ServiceUnion GmbH","article_modified_time":"2022-02-21T08:33:59+00:00","twitter_card":"summary_large_image","twitter_misc":{"Gesch\u00e4tzte Lesezeit":"1\u00a0Minute"},"schema":{"@context":"https:\/\/schema.org","@graph":[{"@type":"WebPage","@id":"https:\/\/serviceunion.com\/kontakt\/","url":"https:\/\/serviceunion.com\/kontakt\/","name":"Kontakt - ServiceUnion GmbH","isPartOf":{"@id":"https:\/\/serviceunion.com\/de\/#website"},"datePublished":"2021-07-08T09:03:02+00:00","dateModified":"2022-02-21T08:33:59+00:00","description":"Ihr regionaler Partner, rund um Biogas und bundesweit vertreten. Wir machen Anlagen-, BHKW-, Labor- und Elektro-Service.","breadcrumb":{"@id":"https:\/\/serviceunion.com\/kontakt\/#breadcrumb"},"inLanguage":"de","potentialAction":[{"@type":"ReadAction","target":["https:\/\/serviceunion.com\/kontakt\/"]}]},{"@type":"BreadcrumbList","@id":"https:\/\/serviceunion.com\/kontakt\/#breadcrumb","itemListElement":[{"@type":"ListItem","position":1,"name":"Homepage","item":"https:\/\/serviceunion.com\/de\/"},{"@type":"ListItem","position":2,"name":"Kontakt"}]},{"@type":"WebSite","@id":"https:\/\/serviceunion.com\/de\/#website","url":"https:\/\/serviceunion.com\/de\/","name":"ServiceUnion GmbH","description":"Ihr regionaler Partner. Rund um Biogas. Bundesweit.","publisher":{"@id":"https:\/\/serviceunion.com\/de\/#organization"},"potentialAction":[{"@type":"SearchAction","target":{"@type":"EntryPoint","urlTemplate":"https:\/\/serviceunion.com\/de\/?s={search_term_string}"},"query-input":{"@type":"PropertyValueSpecification","valueRequired":true,"valueName":"search_term_string"}}],"inLanguage":"de"},{"@type":"Organization","@id":"https:\/\/serviceunion.com\/de\/#organization","name":"ServiceUnion GmbH","url":"https:\/\/serviceunion.com\/de\/","logo":{"@type":"ImageObject","inLanguage":"de","@id":"https:\/\/serviceunion.com\/de\/#\/schema\/logo\/image\/","url":"https:\/\/serviceunion.com\/wp-content\/uploads\/2021\/02\/160601_su-serviceunion-logo-4c-01-300x47-2.png","contentUrl":"https:\/\/serviceunion.com\/wp-content\/uploads\/2021\/02\/160601_su-serviceunion-logo-4c-01-300x47-2.png","width":300,"height":47,"caption":"ServiceUnion GmbH"},"image":{"@id":"https:\/\/serviceunion.com\/de\/#\/schema\/logo\/image\/"}}]}},"_links":{"self":[{"href":"https:\/\/serviceunion.com\/de\/wp-json\/wp\/v2\/pages\/4739","targetHints":{"allow":["GET"]}}],"collection":[{"href":"https:\/\/serviceunion.com\/de\/wp-json\/wp\/v2\/pages"}],"about":[{"href":"https:\/\/serviceunion.com\/de\/wp-json\/wp\/v2\/types\/page"}],"author":[{"embeddable":true,"href":"https:\/\/serviceunion.com\/de\/wp-json\/wp\/v2\/users\/6"}],"replies":[{"embeddable":true,"href":"https:\/\/serviceunion.com\/de\/wp-json\/wp\/v2\/comments?post=4739"}],"version-history":[{"count":1,"href":"https:\/\/serviceunion.com\/de\/wp-json\/wp\/v2\/pages\/4739\/revisions"}],"predecessor-version":[{"id":6106,"href":"https:\/\/serviceunion.com\/de\/wp-json\/wp\/v2\/pages\/4739\/revisions\/6106"}],"wp:attachment":[{"href":"https:\/\/serviceunion.com\/de\/wp-json\/wp\/v2\/media?parent=4739"}],"curies":[{"name":"wp","href":"https:\/\/api.w.org\/{rel}","templated":true}]}}