{"id":8659,"date":"2023-12-15T13:44:47","date_gmt":"2023-12-15T13:44:47","guid":{"rendered":"https:\/\/serviceunion.com\/?page_id=8659"},"modified":"2023-12-15T13:52:48","modified_gmt":"2023-12-15T13:52:48","slug":"compliance","status":"publish","type":"page","link":"https:\/\/serviceunion.com\/de\/compliance\/","title":{"rendered":"Compliance"},"content":{"rendered":"\t\t<div data-elementor-type=\"wp-page\" data-elementor-id=\"8659\" class=\"elementor elementor-8659\" data-elementor-post-type=\"page\">\n\t\t\t\t\t\t<section class=\"elementor-section elementor-top-section elementor-element elementor-element-c152e34 elementor-section-height-min-height elementor-section-boxed elementor-section-height-default elementor-section-items-middle\" data-id=\"c152e34\" data-element_type=\"section\" data-e-type=\"section\" data-settings=\"{&quot;background_background&quot;:&quot;classic&quot;}\">\n\t\t\t\t\t\t<div class=\"elementor-container elementor-column-gap-default\">\n\t\t\t\t\t<div class=\"elementor-column elementor-col-100 elementor-top-column elementor-element elementor-element-0a6c561\" data-id=\"0a6c561\" data-element_type=\"column\" data-e-type=\"column\">\n\t\t\t<div class=\"elementor-widget-wrap elementor-element-populated\">\n\t\t\t\t\t\t<div class=\"elementor-element elementor-element-6e1e5a31 elementor-widget elementor-widget-heading\" data-id=\"6e1e5a31\" data-element_type=\"widget\" data-e-type=\"widget\" data-widget_type=\"heading.default\">\n\t\t\t\t<div class=\"elementor-widget-container\">\n\t\t\t\t\t<h1 class=\"elementor-heading-title elementor-size-default\">Compliance<\/h1>\t\t\t\t<\/div>\n\t\t\t\t<\/div>\n\t\t\t\t<div class=\"elementor-element elementor-element-b345473 elementor-widget elementor-widget-heading\" data-id=\"b345473\" data-element_type=\"widget\" data-e-type=\"widget\" data-widget_type=\"heading.default\">\n\t\t\t\t<div class=\"elementor-widget-container\">\n\t\t\t\t\t<h2 class=\"elementor-heading-title elementor-size-default\">Whistleblower System<\/h2>\t\t\t\t<\/div>\n\t\t\t\t<\/div>\n\t\t\t\t\t<\/div>\n\t\t<\/div>\n\t\t\t\t\t<\/div>\n\t\t<\/section>\n\t\t\t\t<section class=\"elementor-section elementor-top-section elementor-element elementor-element-662dc503 elementor-section-boxed elementor-section-height-default elementor-section-height-default\" data-id=\"662dc503\" data-element_type=\"section\" data-e-type=\"section\">\n\t\t\t\t\t\t<div class=\"elementor-container elementor-column-gap-default\">\n\t\t\t\t\t<div class=\"elementor-column elementor-col-100 elementor-top-column elementor-element elementor-element-2916333\" data-id=\"2916333\" data-element_type=\"column\" data-e-type=\"column\">\n\t\t\t<div class=\"elementor-widget-wrap elementor-element-populated\">\n\t\t\t\t\t\t<div class=\"elementor-element elementor-element-621c38f elementor-widget elementor-widget-spacer\" data-id=\"621c38f\" data-element_type=\"widget\" data-e-type=\"widget\" data-widget_type=\"spacer.default\">\n\t\t\t\t<div class=\"elementor-widget-container\">\n\t\t\t\t\t\t\t<div class=\"elementor-spacer\">\n\t\t\t<div class=\"elementor-spacer-inner\"><\/div>\n\t\t<\/div>\n\t\t\t\t\t\t<\/div>\n\t\t\t\t<\/div>\n\t\t\t\t<div class=\"elementor-element elementor-element-c840994 elementor-widget elementor-widget-heading\" data-id=\"c840994\" data-element_type=\"widget\" data-e-type=\"widget\" data-widget_type=\"heading.default\">\n\t\t\t\t<div class=\"elementor-widget-container\">\n\t\t\t\t\t<h2 class=\"elementor-heading-title elementor-size-default\">Hinweisgebersystem f\u00fcr die meldung von Regelverst\u00f6ssen<\/h2>\t\t\t\t<\/div>\n\t\t\t\t<\/div>\n\t\t\t\t<div class=\"elementor-element elementor-element-f74f2fc elementor-widget elementor-widget-text-editor\" data-id=\"f74f2fc\" data-element_type=\"widget\" data-e-type=\"widget\" data-widget_type=\"text-editor.default\">\n\t\t\t\t<div class=\"elementor-widget-container\">\n\t\t\t\t\t\t\t\t\t<p><strong>Allgemeine Informationen<br \/><\/strong><\/p><p class=\"MsoNormal\"><span style=\"font-family: 'Arial',sans-serif;\">Das bestore Hinweisgebersystem f\u00fcr die Meldung von Regelverst\u00f6\u00dfen steht allen Besch\u00e4ftigten der bestore Gruppe (z.B. agriKomp GmbH, <b>ServiceUnion GmbH<\/b>, <b>allen ServiceUnion Standorten<\/b>, Formprotect GmbH etc.) sowie ebenfalls externen Dritten (z.B. Lieferanten) zur Verf\u00fcgung, um Hinweise auf Verst\u00f6\u00dfe gegen Gesetze oder sonstige ma\u00dfgebliche Regelverst\u00f6\u00dfe mit Bezug zur bestore Gruppe zu melden. <\/span><\/p><p class=\"MsoNormal\"><span style=\"font-family: 'Arial',sans-serif;\">Es gilt der Grundsatz, dass Besch\u00e4ftigten aufgrund der Abgabe eines Hinweises im beruflichen Kontext keine Nachteile entstehen d\u00fcrfen. Um eine zielf\u00fchrende Bearbeitung Ihres Hinweises zu erm\u00f6glichen, wird die Meldestelle bei Bedarf weitere, f\u00fcr die Aufkl\u00e4rung erforderliche Stellen einbinden. <\/span><\/p><p class=\"MsoNormal\"><span style=\"font-family: 'Arial',sans-serif;\">Eine Meldung von Regelverst\u00f6\u00dfen ist z.B. auch an die Meldestelle des Bundes oder die Meldestellen der L\u00e4nder m\u00f6glich, wir bitten aber vorrangig um eine direkte Meldung bei unserer Meldestelle. <\/span><\/p><p class=\"MsoNormal\"><span style=\"font-family: 'Arial',sans-serif;\">Kontakt mit unserer Meldestelle k\u00f6nnen Sie \u00fcber die nachfolgende E-Mailadresse aufnehmen:<\/span><\/p><p class=\"MsoNormal\"><span style=\"color: #339966;\"><strong><a style=\"color: #339966;\" href=\"mailto:hints@bestore-compliance.group\" target=\"_blank\" rel=\"noopener\" data-auto-event-observed=\"true\">hints@bestore-compliance.group<\/a><\/strong><\/span><\/p><p class=\"MsoNormal\"><span style=\"font-family: 'Arial',sans-serif;\">Sie erhalten nach Abgabe einer Meldung innerhalb von 7 Tagen eine Best\u00e4tigung, dass Ihre Meldung eigegangen ist und bearbeitet wird.<span style=\"mso-spacerun: yes;\"><br \/><\/span><\/span><\/p><p class=\"MsoNormal\"><span style=\"font-family: 'Arial',sans-serif;\">F\u00fcr allgemeine Beschwerden, z.B. zu Produkten oder Dienstleistungen, wenden Sie sich bitte an die allgemeine Kontaktadresse oder die Kundenhotline. <\/span><\/p>\t\t\t\t\t\t\t\t<\/div>\n\t\t\t\t<\/div>\n\t\t\t\t<div class=\"elementor-element elementor-element-17a21666 elementor-widget elementor-widget-spacer\" data-id=\"17a21666\" data-element_type=\"widget\" data-e-type=\"widget\" data-widget_type=\"spacer.default\">\n\t\t\t\t<div class=\"elementor-widget-container\">\n\t\t\t\t\t\t\t<div class=\"elementor-spacer\">\n\t\t\t<div class=\"elementor-spacer-inner\"><\/div>\n\t\t<\/div>\n\t\t\t\t\t\t<\/div>\n\t\t\t\t<\/div>\n\t\t\t\t\t<\/div>\n\t\t<\/div>\n\t\t\t\t\t<\/div>\n\t\t<\/section>\n\t\t\t\t<\/div>\n\t\t","protected":false},"excerpt":{"rendered":"<p>Compliance Whistleblower System Hinweisgebersystem f\u00fcr die meldung von Regelverst\u00f6ssen Allgemeine Informationen Das bestore Hinweisgebersystem f\u00fcr die Meldung von Regelverst\u00f6\u00dfen steht allen Besch\u00e4ftigten der bestore Gruppe (z.B. agriKomp GmbH, ServiceUnion GmbH, allen ServiceUnion Standorten, Formprotect GmbH etc.) sowie ebenfalls externen Dritten (z.B. Lieferanten) zur Verf\u00fcgung, um Hinweise auf Verst\u00f6\u00dfe gegen Gesetze oder sonstige ma\u00dfgebliche Regelverst\u00f6\u00dfe mit [&hellip;]<\/p>\n","protected":false},"author":6,"featured_media":0,"parent":0,"menu_order":0,"comment_status":"closed","ping_status":"closed","template":"","meta":{"footnotes":""},"class_list":["post-8659","page","type-page","status-publish","hentry"],"yoast_head":"<!-- This site is optimized with the Yoast SEO plugin v27.4 - https:\/\/yoast.com\/product\/yoast-seo-wordpress\/ -->\n<title>Compliance - ServiceUnion GmbH<\/title>\n<meta name=\"description\" content=\"Hinweisgebersystem f\u00fcr die Meldung von Regelverst\u00f6\u00dfen steht allen Besch\u00e4ftigten der bestore Gruppe (z.B. agriKomp GmbH, ServiceUnion GmbH, alle ServiceUnion Standorten, Formprotect GmbH etc.) sowie ebenfalls externen Dritten (z.B. Lieferanten) zur Verf\u00fcgung, um Hinweise auf Verst\u00f6\u00dfe gegen Gesetze oder sonstige ma\u00dfgebliche Regelverst\u00f6\u00dfe mit Bezug zur bestore Gruppe zu melden.\" \/>\n<meta name=\"robots\" content=\"noindex, nofollow\" \/>\n<meta property=\"og:locale\" content=\"de_DE\" \/>\n<meta property=\"og:type\" content=\"article\" \/>\n<meta property=\"og:title\" content=\"Compliance - ServiceUnion GmbH\" \/>\n<meta property=\"og:description\" content=\"Hinweisgebersystem f\u00fcr die Meldung von Regelverst\u00f6\u00dfen steht allen Besch\u00e4ftigten der bestore Gruppe (z.B. agriKomp GmbH, ServiceUnion GmbH, alle ServiceUnion Standorten, Formprotect GmbH etc.) sowie ebenfalls externen Dritten (z.B. Lieferanten) zur Verf\u00fcgung, um Hinweise auf Verst\u00f6\u00dfe gegen Gesetze oder sonstige ma\u00dfgebliche Regelverst\u00f6\u00dfe mit Bezug zur bestore Gruppe zu melden.\" \/>\n<meta property=\"og:url\" content=\"https:\/\/serviceunion.com\/de\/compliance\/\" \/>\n<meta property=\"og:site_name\" content=\"ServiceUnion GmbH\" \/>\n<meta property=\"article:modified_time\" content=\"2023-12-15T13:52:48+00:00\" \/>\n<meta name=\"twitter:card\" content=\"summary_large_image\" \/>\n<meta name=\"twitter:label1\" content=\"Gesch\u00e4tzte Lesezeit\" \/>\n\t<meta name=\"twitter:data1\" content=\"3\u00a0Minuten\" \/>\n<script type=\"application\/ld+json\" class=\"yoast-schema-graph\">{\"@context\":\"https:\\\/\\\/schema.org\",\"@graph\":[{\"@type\":\"WebPage\",\"@id\":\"https:\\\/\\\/serviceunion.com\\\/de\\\/compliance\\\/\",\"url\":\"https:\\\/\\\/serviceunion.com\\\/de\\\/compliance\\\/\",\"name\":\"Compliance - ServiceUnion GmbH\",\"isPartOf\":{\"@id\":\"https:\\\/\\\/serviceunion.com\\\/de\\\/#website\"},\"datePublished\":\"2023-12-15T13:44:47+00:00\",\"dateModified\":\"2023-12-15T13:52:48+00:00\",\"description\":\"Hinweisgebersystem f\u00fcr die Meldung von Regelverst\u00f6\u00dfen steht allen Besch\u00e4ftigten der bestore Gruppe (z.B. agriKomp GmbH, ServiceUnion GmbH, alle ServiceUnion Standorten, Formprotect GmbH etc.) sowie ebenfalls externen Dritten (z.B. Lieferanten) zur Verf\u00fcgung, um Hinweise auf Verst\u00f6\u00dfe gegen Gesetze oder sonstige ma\u00dfgebliche Regelverst\u00f6\u00dfe mit Bezug zur bestore Gruppe zu melden.\",\"breadcrumb\":{\"@id\":\"https:\\\/\\\/serviceunion.com\\\/de\\\/compliance\\\/#breadcrumb\"},\"inLanguage\":\"de\",\"potentialAction\":[{\"@type\":\"ReadAction\",\"target\":[\"https:\\\/\\\/serviceunion.com\\\/de\\\/compliance\\\/\"]}]},{\"@type\":\"BreadcrumbList\",\"@id\":\"https:\\\/\\\/serviceunion.com\\\/de\\\/compliance\\\/#breadcrumb\",\"itemListElement\":[{\"@type\":\"ListItem\",\"position\":1,\"name\":\"Homepage\",\"item\":\"https:\\\/\\\/serviceunion.com\\\/de\\\/\"},{\"@type\":\"ListItem\",\"position\":2,\"name\":\"Compliance\"}]},{\"@type\":\"WebSite\",\"@id\":\"https:\\\/\\\/serviceunion.com\\\/de\\\/#website\",\"url\":\"https:\\\/\\\/serviceunion.com\\\/de\\\/\",\"name\":\"ServiceUnion GmbH\",\"description\":\"Ihr regionaler Partner. Rund um Biogas. Bundesweit.\",\"publisher\":{\"@id\":\"https:\\\/\\\/serviceunion.com\\\/de\\\/#organization\"},\"potentialAction\":[{\"@type\":\"SearchAction\",\"target\":{\"@type\":\"EntryPoint\",\"urlTemplate\":\"https:\\\/\\\/serviceunion.com\\\/de\\\/?s={search_term_string}\"},\"query-input\":{\"@type\":\"PropertyValueSpecification\",\"valueRequired\":true,\"valueName\":\"search_term_string\"}}],\"inLanguage\":\"de\"},{\"@type\":\"Organization\",\"@id\":\"https:\\\/\\\/serviceunion.com\\\/de\\\/#organization\",\"name\":\"ServiceUnion GmbH\",\"url\":\"https:\\\/\\\/serviceunion.com\\\/de\\\/\",\"logo\":{\"@type\":\"ImageObject\",\"inLanguage\":\"de\",\"@id\":\"https:\\\/\\\/serviceunion.com\\\/de\\\/#\\\/schema\\\/logo\\\/image\\\/\",\"url\":\"https:\\\/\\\/serviceunion.com\\\/wp-content\\\/uploads\\\/2021\\\/02\\\/160601_su-serviceunion-logo-4c-01-300x47-2.png\",\"contentUrl\":\"https:\\\/\\\/serviceunion.com\\\/wp-content\\\/uploads\\\/2021\\\/02\\\/160601_su-serviceunion-logo-4c-01-300x47-2.png\",\"width\":300,\"height\":47,\"caption\":\"ServiceUnion GmbH\"},\"image\":{\"@id\":\"https:\\\/\\\/serviceunion.com\\\/de\\\/#\\\/schema\\\/logo\\\/image\\\/\"}}]}<\/script>\n<!-- \/ Yoast SEO plugin. -->","yoast_head_json":{"title":"Compliance - ServiceUnion GmbH","description":"Hinweisgebersystem f\u00fcr die Meldung von Regelverst\u00f6\u00dfen steht allen Besch\u00e4ftigten der bestore Gruppe (z.B. agriKomp GmbH, ServiceUnion GmbH, alle ServiceUnion Standorten, Formprotect GmbH etc.) sowie ebenfalls externen Dritten (z.B. Lieferanten) zur Verf\u00fcgung, um Hinweise auf Verst\u00f6\u00dfe gegen Gesetze oder sonstige ma\u00dfgebliche Regelverst\u00f6\u00dfe mit Bezug zur bestore Gruppe zu melden.","robots":{"index":"noindex","follow":"nofollow"},"og_locale":"de_DE","og_type":"article","og_title":"Compliance - ServiceUnion GmbH","og_description":"Hinweisgebersystem f\u00fcr die Meldung von Regelverst\u00f6\u00dfen steht allen Besch\u00e4ftigten der bestore Gruppe (z.B. agriKomp GmbH, ServiceUnion GmbH, alle ServiceUnion Standorten, Formprotect GmbH etc.) sowie ebenfalls externen Dritten (z.B. Lieferanten) zur Verf\u00fcgung, um Hinweise auf Verst\u00f6\u00dfe gegen Gesetze oder sonstige ma\u00dfgebliche Regelverst\u00f6\u00dfe mit Bezug zur bestore Gruppe zu melden.","og_url":"https:\/\/serviceunion.com\/de\/compliance\/","og_site_name":"ServiceUnion GmbH","article_modified_time":"2023-12-15T13:52:48+00:00","twitter_card":"summary_large_image","twitter_misc":{"Gesch\u00e4tzte Lesezeit":"3\u00a0Minuten"},"schema":{"@context":"https:\/\/schema.org","@graph":[{"@type":"WebPage","@id":"https:\/\/serviceunion.com\/de\/compliance\/","url":"https:\/\/serviceunion.com\/de\/compliance\/","name":"Compliance - ServiceUnion GmbH","isPartOf":{"@id":"https:\/\/serviceunion.com\/de\/#website"},"datePublished":"2023-12-15T13:44:47+00:00","dateModified":"2023-12-15T13:52:48+00:00","description":"Hinweisgebersystem f\u00fcr die Meldung von Regelverst\u00f6\u00dfen steht allen Besch\u00e4ftigten der bestore Gruppe (z.B. agriKomp GmbH, ServiceUnion GmbH, alle ServiceUnion Standorten, Formprotect GmbH etc.) sowie ebenfalls externen Dritten (z.B. Lieferanten) zur Verf\u00fcgung, um Hinweise auf Verst\u00f6\u00dfe gegen Gesetze oder sonstige ma\u00dfgebliche Regelverst\u00f6\u00dfe mit Bezug zur bestore Gruppe zu melden.","breadcrumb":{"@id":"https:\/\/serviceunion.com\/de\/compliance\/#breadcrumb"},"inLanguage":"de","potentialAction":[{"@type":"ReadAction","target":["https:\/\/serviceunion.com\/de\/compliance\/"]}]},{"@type":"BreadcrumbList","@id":"https:\/\/serviceunion.com\/de\/compliance\/#breadcrumb","itemListElement":[{"@type":"ListItem","position":1,"name":"Homepage","item":"https:\/\/serviceunion.com\/de\/"},{"@type":"ListItem","position":2,"name":"Compliance"}]},{"@type":"WebSite","@id":"https:\/\/serviceunion.com\/de\/#website","url":"https:\/\/serviceunion.com\/de\/","name":"ServiceUnion GmbH","description":"Ihr regionaler Partner. Rund um Biogas. Bundesweit.","publisher":{"@id":"https:\/\/serviceunion.com\/de\/#organization"},"potentialAction":[{"@type":"SearchAction","target":{"@type":"EntryPoint","urlTemplate":"https:\/\/serviceunion.com\/de\/?s={search_term_string}"},"query-input":{"@type":"PropertyValueSpecification","valueRequired":true,"valueName":"search_term_string"}}],"inLanguage":"de"},{"@type":"Organization","@id":"https:\/\/serviceunion.com\/de\/#organization","name":"ServiceUnion GmbH","url":"https:\/\/serviceunion.com\/de\/","logo":{"@type":"ImageObject","inLanguage":"de","@id":"https:\/\/serviceunion.com\/de\/#\/schema\/logo\/image\/","url":"https:\/\/serviceunion.com\/wp-content\/uploads\/2021\/02\/160601_su-serviceunion-logo-4c-01-300x47-2.png","contentUrl":"https:\/\/serviceunion.com\/wp-content\/uploads\/2021\/02\/160601_su-serviceunion-logo-4c-01-300x47-2.png","width":300,"height":47,"caption":"ServiceUnion GmbH"},"image":{"@id":"https:\/\/serviceunion.com\/de\/#\/schema\/logo\/image\/"}}]}},"_links":{"self":[{"href":"https:\/\/serviceunion.com\/de\/wp-json\/wp\/v2\/pages\/8659","targetHints":{"allow":["GET"]}}],"collection":[{"href":"https:\/\/serviceunion.com\/de\/wp-json\/wp\/v2\/pages"}],"about":[{"href":"https:\/\/serviceunion.com\/de\/wp-json\/wp\/v2\/types\/page"}],"author":[{"embeddable":true,"href":"https:\/\/serviceunion.com\/de\/wp-json\/wp\/v2\/users\/6"}],"replies":[{"embeddable":true,"href":"https:\/\/serviceunion.com\/de\/wp-json\/wp\/v2\/comments?post=8659"}],"version-history":[{"count":4,"href":"https:\/\/serviceunion.com\/de\/wp-json\/wp\/v2\/pages\/8659\/revisions"}],"predecessor-version":[{"id":8663,"href":"https:\/\/serviceunion.com\/de\/wp-json\/wp\/v2\/pages\/8659\/revisions\/8663"}],"wp:attachment":[{"href":"https:\/\/serviceunion.com\/de\/wp-json\/wp\/v2\/media?parent=8659"}],"curies":[{"name":"wp","href":"https:\/\/api.w.org\/{rel}","templated":true}]}}