{"id":10120,"date":"2021-03-23T07:03:49","date_gmt":"2021-03-23T07:03:49","guid":{"rendered":"https:\/\/serviceunion.com\/planification-conception\/"},"modified":"2025-06-19T07:29:20","modified_gmt":"2025-06-19T07:29:20","slug":"planification-conception","status":"publish","type":"page","link":"https:\/\/serviceunion.com\/fr\/planification-conception\/","title":{"rendered":"Process"},"content":{"rendered":"\t\t<div data-elementor-type=\"wp-page\" data-elementor-id=\"10120\" class=\"elementor elementor-10120 elementor-450\" data-elementor-post-type=\"page\">\n\t\t\t\t\t\t<section class=\"elementor-section elementor-top-section elementor-element elementor-element-66ae12bc elementor-section-height-min-height elementor-section-boxed elementor-section-height-default elementor-section-items-middle\" data-id=\"66ae12bc\" data-element_type=\"section\" data-e-type=\"section\">\n\t\t\t\t\t\t<div class=\"elementor-container elementor-column-gap-default\">\n\t\t\t\t\t<div class=\"elementor-column elementor-col-100 elementor-top-column elementor-element elementor-element-12fbe133\" data-id=\"12fbe133\" data-element_type=\"column\" data-e-type=\"column\">\n\t\t\t<div class=\"elementor-widget-wrap elementor-element-populated\">\n\t\t\t\t\t\t<section class=\"elementor-section elementor-inner-section elementor-element elementor-element-e37f40 elementor-section-full_width elementor-section-height-default elementor-section-height-default\" data-id=\"e37f40\" data-element_type=\"section\" data-e-type=\"section\" data-settings=\"{&quot;background_background&quot;:&quot;classic&quot;}\">\n\t\t\t\t\t\t<div class=\"elementor-container elementor-column-gap-wider\">\n\t\t\t\t\t<div class=\"elementor-column elementor-col-50 elementor-inner-column elementor-element elementor-element-a871c5f\" data-id=\"a871c5f\" data-element_type=\"column\" data-e-type=\"column\">\n\t\t\t<div class=\"elementor-widget-wrap elementor-element-populated\">\n\t\t\t\t\t\t<div class=\"elementor-element elementor-element-11104308 elementor-widget elementor-widget-heading\" data-id=\"11104308\" data-element_type=\"widget\" data-e-type=\"widget\" data-widget_type=\"heading.default\">\n\t\t\t\t<div class=\"elementor-widget-container\">\n\t\t\t\t\t<h1 class=\"elementor-heading-title elementor-size-default\">PROCESS<\/h1>\t\t\t\t<\/div>\n\t\t\t\t<\/div>\n\t\t\t\t<div class=\"elementor-element elementor-element-4ec68835 elementor-widget elementor-widget-heading\" data-id=\"4ec68835\" data-element_type=\"widget\" data-e-type=\"widget\" data-widget_type=\"heading.default\">\n\t\t\t\t<div class=\"elementor-widget-container\">\n\t\t\t\t\t<h2 class=\"elementor-heading-title elementor-size-default\">De l\u2019id\u00e9e \u00e0 la r\u00e9alisation<\/h2>\t\t\t\t<\/div>\n\t\t\t\t<\/div>\n\t\t\t\t<div class=\"elementor-element elementor-element-647411c0 elementor-widget elementor-widget-text-editor\" data-id=\"647411c0\" data-element_type=\"widget\" data-e-type=\"widget\" data-widget_type=\"text-editor.default\">\n\t\t\t\t<div class=\"elementor-widget-container\">\n\t\t\t\t\t\t\t\t\t<p>Une technique robuste et fiable combin\u00e9e \u00e0 des composants efficace, voici le facteur cl\u00e9 de la rentabilit\u00e9 de votre unit\u00e9 de m\u00e9thanisation. Nous consid\u00e9rons votre installation comme un ensemble, et non pas comme une collection de composants. C\u2019est le bon fonctionnement de tous les composants en symbiose qui vous assure un maximum de disponibilit\u00e9, de s\u00e9curit\u00e9 et de performance \u00e9nerg\u00e9tique.<\/p><p>Ainsi, nos sp\u00e9cialistes s\u2019occupent de tous les composants de votre installation de biogaz, de la pompe, en passant par les personnalisations de gaz jusqu\u2019\u00e0 la torch\u00e8re et le syst\u00e8me de chauffage. Gr\u00e2ce \u00e0 l\u2019entretien de votre unit\u00e9, vous assurez la disponibilit\u00e9 des agitateurs, du syst\u00e8me d\u2019introduction de la mati\u00e8re solide et du cog\u00e9n\u00e9rateur ou de l\u2019\u00e9purateur.<\/p>\t\t\t\t\t\t\t\t<\/div>\n\t\t\t\t<\/div>\n\t\t\t\t\t<\/div>\n\t\t<\/div>\n\t\t\t\t<div class=\"elementor-column elementor-col-50 elementor-inner-column elementor-element elementor-element-4cb45e9\" data-id=\"4cb45e9\" data-element_type=\"column\" data-e-type=\"column\">\n\t\t\t<div class=\"elementor-widget-wrap elementor-element-populated\">\n\t\t\t\t\t\t<div class=\"elementor-element elementor-element-4cc6473a elementor-widget elementor-widget-image\" data-id=\"4cc6473a\" data-element_type=\"widget\" data-e-type=\"widget\" data-widget_type=\"image.default\">\n\t\t\t\t<div class=\"elementor-widget-container\">\n\t\t\t\t\t\t\t\t\t\t\t\t\t\t\t<img fetchpriority=\"high\" decoding=\"async\" width=\"285\" height=\"284\" src=\"https:\/\/serviceunion.com\/wp-content\/uploads\/2021\/05\/SU-Labels-neu_Elektro-Service-Kopie-3.png\" class=\"attachment-large size-large wp-image-7488\" alt=\"\" srcset=\"https:\/\/serviceunion.com\/wp-content\/uploads\/2021\/05\/SU-Labels-neu_Elektro-Service-Kopie-3.png 285w, https:\/\/serviceunion.com\/wp-content\/uploads\/2021\/05\/SU-Labels-neu_Elektro-Service-Kopie-3-150x150.png 150w\" sizes=\"(max-width: 285px) 100vw, 285px\" \/>\t\t\t\t\t\t\t\t\t\t\t\t\t\t\t<\/div>\n\t\t\t\t<\/div>\n\t\t\t\t\t<\/div>\n\t\t<\/div>\n\t\t\t\t\t<\/div>\n\t\t<\/section>\n\t\t\t\t\t<\/div>\n\t\t<\/div>\n\t\t\t\t\t<\/div>\n\t\t<\/section>\n\t\t\t\t<section class=\"elementor-section elementor-top-section elementor-element elementor-element-9e3935b elementor-section-height-min-height elementor-section-items-top elementor-section-boxed elementor-section-height-default\" data-id=\"9e3935b\" data-element_type=\"section\" data-e-type=\"section\" data-settings=\"{&quot;background_background&quot;:&quot;classic&quot;,&quot;shape_divider_top&quot;:&quot;curve&quot;}\">\n\t\t\t\t\t<div class=\"elementor-shape elementor-shape-top\" aria-hidden=\"true\" data-negative=\"false\">\n\t\t\t<svg xmlns=\"http:\/\/www.w3.org\/2000\/svg\" viewBox=\"0 0 1000 100\" preserveAspectRatio=\"none\">\n    <path class=\"elementor-shape-fill\" d=\"M1000,4.3V0H0v4.3C0.9,23.1,126.7,99.2,500,100S1000,22.7,1000,4.3z\"\/>\n<\/svg>\t\t<\/div>\n\t\t\t\t\t<div class=\"elementor-container elementor-column-gap-default\">\n\t\t\t\t\t<div class=\"elementor-column elementor-col-100 elementor-top-column elementor-element elementor-element-570c032\" data-id=\"570c032\" data-element_type=\"column\" data-e-type=\"column\" data-settings=\"{&quot;background_background&quot;:&quot;classic&quot;}\">\n\t\t\t<div class=\"elementor-widget-wrap elementor-element-populated\">\n\t\t\t\t\t\t<section class=\"elementor-section elementor-inner-section elementor-element elementor-element-9abffc4 elementor-section-boxed elementor-section-height-default elementor-section-height-default\" data-id=\"9abffc4\" data-element_type=\"section\" data-e-type=\"section\">\n\t\t\t\t\t\t<div class=\"elementor-container elementor-column-gap-default\">\n\t\t\t\t\t<div class=\"elementor-column elementor-col-33 elementor-inner-column elementor-element elementor-element-bd3c817\" data-id=\"bd3c817\" data-element_type=\"column\" data-e-type=\"column\">\n\t\t\t<div class=\"elementor-widget-wrap elementor-element-populated\">\n\t\t\t\t\t\t<div class=\"elementor-element elementor-element-1878423 elementor-flip-box--effect-slide elementor-flip-box--direction-up elementor-widget elementor-widget-flip-box\" data-id=\"1878423\" data-element_type=\"widget\" data-e-type=\"widget\" data-widget_type=\"flip-box.default\">\n\t\t\t\t<div class=\"elementor-widget-container\">\n\t\t\t\t\t\t\t<div class=\"elementor-flip-box\" tabindex=\"0\">\n\t\t\t<div class=\"elementor-flip-box__layer elementor-flip-box__front\">\n\t\t\t\t<div class=\"elementor-flip-box__layer__overlay\">\n\t\t\t\t\t<div class=\"elementor-flip-box__layer__inner\">\n\t\t\t\t\t\t\t\t\t\t\t\t\t<div class=\"elementor-icon-wrapper elementor-view-default\">\n\t\t\t\t\t\t\t\t<div class=\"elementor-icon\">\n\t\t\t\t\t\t\t\t\t<i aria-hidden=\"true\" class=\"fas fa-hands-helping\"><\/i>\t\t\t\t\t\t\t\t<\/div>\n\t\t\t\t\t\t\t<\/div>\n\t\t\t\t\t\t\n\t\t\t\t\t\t\t\t\t\t\t\t\t<h3 class=\"elementor-flip-box__layer__title\">\n\t\t\t\t\t\t\t\tAccompagnement\t\t\t\t\t\t\t<\/h3>\n\t\t\t\t\t\t\n\t\t\t\t\t\t\t\t\t\t\t<\/div>\n\t\t\t\t<\/div>\n\t\t\t<\/div>\n\t\t\t<div class=\"elementor-flip-box__layer elementor-flip-box__back\">\n\t\t\t<div class=\"elementor-flip-box__layer__overlay\">\n\t\t\t\t<div class=\"elementor-flip-box__layer__inner\">\n\t\t\t\t\t\n\t\t\t\t\t\t\t\t\t\t\t<div class=\"elementor-flip-box__layer__description\">\n\t\t\t\t\t\t\tNous vous aidons \u00e0 \u00e9laborer les expertises externes n\u00e9cessaires et vous accompagnons dans vos d\u00e9marches administratives et vos \u00e9changes avec les experts agr\u00e9\u00e9s.\t\t\t\t\t\t<\/div>\n\t\t\t\t\t\n\t\t\t\t\t\t\t\t<\/div>\n\t\t<\/div>\n\t\t<\/div>\n\t\t<\/div>\n\t\t\t\t\t\t<\/div>\n\t\t\t\t<\/div>\n\t\t\t\t\t<\/div>\n\t\t<\/div>\n\t\t\t\t<div class=\"elementor-column elementor-col-33 elementor-inner-column elementor-element elementor-element-86fc20a\" data-id=\"86fc20a\" data-element_type=\"column\" data-e-type=\"column\">\n\t\t\t<div class=\"elementor-widget-wrap elementor-element-populated\">\n\t\t\t\t\t\t<div class=\"elementor-element elementor-element-ea4461b elementor-flip-box--effect-slide elementor-flip-box--direction-up elementor-widget elementor-widget-flip-box\" data-id=\"ea4461b\" data-element_type=\"widget\" data-e-type=\"widget\" data-widget_type=\"flip-box.default\">\n\t\t\t\t<div class=\"elementor-widget-container\">\n\t\t\t\t\t\t\t<div class=\"elementor-flip-box\" tabindex=\"0\">\n\t\t\t<div class=\"elementor-flip-box__layer elementor-flip-box__front\">\n\t\t\t\t<div class=\"elementor-flip-box__layer__overlay\">\n\t\t\t\t\t<div class=\"elementor-flip-box__layer__inner\">\n\t\t\t\t\t\t\t\t\t\t\t\t\t<div class=\"elementor-icon-wrapper elementor-view-default\">\n\t\t\t\t\t\t\t\t<div class=\"elementor-icon\">\n\t\t\t\t\t\t\t\t\t<i aria-hidden=\"true\" class=\"fas fa-users-cog\"><\/i>\t\t\t\t\t\t\t\t<\/div>\n\t\t\t\t\t\t\t<\/div>\n\t\t\t\t\t\t\n\t\t\t\t\t\t\t\t\t\t\t\t\t<h3 class=\"elementor-flip-box__layer__title\">\n\t\t\t\t\t\t\t\tExp\u00e9rience\t\t\t\t\t\t\t<\/h3>\n\t\t\t\t\t\t\n\t\t\t\t\t\t\t\t\t\t\t<\/div>\n\t\t\t\t<\/div>\n\t\t\t<\/div>\n\t\t\t<div class=\"elementor-flip-box__layer elementor-flip-box__back\">\n\t\t\t<div class=\"elementor-flip-box__layer__overlay\">\n\t\t\t\t<div class=\"elementor-flip-box__layer__inner\">\n\t\t\t\t\t\n\t\t\t\t\t\t\t\t\t\t\t<div class=\"elementor-flip-box__layer__description\">\n\t\t\t\t\t\t\tNos collaborateurs disposent de nombreuses ann\u00e9es d\u2019exp\u00e9rience dans la planification d\u2019unit\u00e9s de m\u00e9thanisation agricoles \u00e0 travers toute la France, et s\u2019appuient \u00e9galement sur l\u2019expertise technique et biologique de l\u2019entreprise pour la planification des autorisations.\t\t\t\t\t\t<\/div>\n\t\t\t\t\t\n\t\t\t\t\t\t\t\t<\/div>\n\t\t<\/div>\n\t\t<\/div>\n\t\t<\/div>\n\t\t\t\t\t\t<\/div>\n\t\t\t\t<\/div>\n\t\t\t\t\t<\/div>\n\t\t<\/div>\n\t\t\t\t<div class=\"elementor-column elementor-col-33 elementor-inner-column elementor-element elementor-element-2de6da9\" data-id=\"2de6da9\" data-element_type=\"column\" data-e-type=\"column\">\n\t\t\t<div class=\"elementor-widget-wrap elementor-element-populated\">\n\t\t\t\t\t\t<div class=\"elementor-element elementor-element-85e5f87 elementor-flip-box--effect-slide elementor-flip-box--direction-up elementor-widget elementor-widget-flip-box\" data-id=\"85e5f87\" data-element_type=\"widget\" data-e-type=\"widget\" data-widget_type=\"flip-box.default\">\n\t\t\t\t<div class=\"elementor-widget-container\">\n\t\t\t\t\t\t\t<div class=\"elementor-flip-box\" tabindex=\"0\">\n\t\t\t<div class=\"elementor-flip-box__layer elementor-flip-box__front\">\n\t\t\t\t<div class=\"elementor-flip-box__layer__overlay\">\n\t\t\t\t\t<div class=\"elementor-flip-box__layer__inner\">\n\t\t\t\t\t\t\t\t\t\t\t\t\t<div class=\"elementor-icon-wrapper elementor-view-default\">\n\t\t\t\t\t\t\t\t<div class=\"elementor-icon\">\n\t\t\t\t\t\t\t\t\t<i aria-hidden=\"true\" class=\"fas fa-globe-asia\"><\/i>\t\t\t\t\t\t\t\t<\/div>\n\t\t\t\t\t\t\t<\/div>\n\t\t\t\t\t\t\n\t\t\t\t\t\t\t\t\t\t\t\t\t<h3 class=\"elementor-flip-box__layer__title\">\n\t\t\t\t\t\t\t\tNational\t\t\t\t\t\t\t<\/h3>\n\t\t\t\t\t\t\n\t\t\t\t\t\t\t\t\t\t\t<\/div>\n\t\t\t\t<\/div>\n\t\t\t<\/div>\n\t\t\t<div class=\"elementor-flip-box__layer elementor-flip-box__back\">\n\t\t\t<div class=\"elementor-flip-box__layer__overlay\">\n\t\t\t\t<div class=\"elementor-flip-box__layer__inner\">\n\t\t\t\t\t\n\t\t\t\t\t\t\t\t\t\t\t<div class=\"elementor-flip-box__layer__description\">\n\t\t\t\t\t\t\tAfin de vous garantir la meilleure planification possible, nous intervenons \u00e0 l\u2019\u00e9chelle nationale. Nos experts sont actifs depuis nos sites de Blois et Nancy pour prendre en charge vos projets.  \t\t\t\t\t\t<\/div>\n\t\t\t\t\t\n\t\t\t\t\t\t\t\t<\/div>\n\t\t<\/div>\n\t\t<\/div>\n\t\t<\/div>\n\t\t\t\t\t\t<\/div>\n\t\t\t\t<\/div>\n\t\t\t\t\t<\/div>\n\t\t<\/div>\n\t\t\t\t\t<\/div>\n\t\t<\/section>\n\t\t\t\t\t<\/div>\n\t\t<\/div>\n\t\t\t\t\t<\/div>\n\t\t<\/section>\n\t\t\t\t<\/div>\n\t\t","protected":false},"excerpt":{"rendered":"<p>PROCESS De l\u2019id\u00e9e \u00e0 la r\u00e9alisation Une technique robuste et fiable combin\u00e9e \u00e0 des composants efficace, voici le facteur cl\u00e9 de la rentabilit\u00e9 de votre unit\u00e9 de m\u00e9thanisation. Nous consid\u00e9rons votre installation comme un ensemble, et non pas comme une collection de composants. C\u2019est le bon fonctionnement de tous les composants en symbiose qui vous [&hellip;]<\/p>\n","protected":false},"author":3,"featured_media":0,"parent":0,"menu_order":0,"comment_status":"closed","ping_status":"closed","template":"","meta":{"footnotes":""},"class_list":["post-10120","page","type-page","status-publish","hentry"],"yoast_head":"<!-- This site is optimized with the Yoast SEO plugin v27.4 - https:\/\/yoast.com\/product\/yoast-seo-wordpress\/ -->\n<title>Process - ServiceUnion GmbH<\/title>\n<meta name=\"description\" content=\"Votre partenaire r\u00e9gional en biogaz, pr\u00e9sent partout. Services pour installations, cog\u00e9n\u00e9ration, laboratoires et \u00e9lectricit\u00e9.\" \/>\n<meta name=\"robots\" content=\"index, follow, max-snippet:-1, max-image-preview:large, max-video-preview:-1\" \/>\n<link rel=\"canonical\" href=\"https:\/\/serviceunion.com\/fr\/planification-conception\/\" \/>\n<meta property=\"og:locale\" content=\"fr_FR\" \/>\n<meta property=\"og:type\" content=\"article\" \/>\n<meta property=\"og:title\" content=\"Process - ServiceUnion GmbH\" \/>\n<meta property=\"og:description\" content=\"Votre partenaire r\u00e9gional en biogaz, pr\u00e9sent partout. Services pour installations, cog\u00e9n\u00e9ration, laboratoires et \u00e9lectricit\u00e9.\" \/>\n<meta property=\"og:url\" content=\"https:\/\/serviceunion.com\/fr\/planification-conception\/\" \/>\n<meta property=\"og:site_name\" content=\"ServiceUnion GmbH\" \/>\n<meta property=\"article:modified_time\" content=\"2025-06-19T07:29:20+00:00\" \/>\n<meta property=\"og:image\" content=\"https:\/\/serviceunion.com\/wp-content\/uploads\/2021\/05\/SU-Labels-neu_Elektro-Service-Kopie-3.png\" \/>\n\t<meta property=\"og:image:width\" content=\"285\" \/>\n\t<meta property=\"og:image:height\" content=\"284\" \/>\n\t<meta property=\"og:image:type\" content=\"image\/png\" \/>\n<meta name=\"twitter:card\" content=\"summary_large_image\" \/>\n<meta name=\"twitter:label1\" content=\"Dur\u00e9e de lecture estim\u00e9e\" \/>\n\t<meta name=\"twitter:data1\" content=\"1 minute\" \/>\n<script type=\"application\/ld+json\" class=\"yoast-schema-graph\">{\"@context\":\"https:\\\/\\\/schema.org\",\"@graph\":[{\"@type\":\"WebPage\",\"@id\":\"https:\\\/\\\/serviceunion.com\\\/fr\\\/planification-conception\\\/\",\"url\":\"https:\\\/\\\/serviceunion.com\\\/fr\\\/planification-conception\\\/\",\"name\":\"Process - ServiceUnion GmbH\",\"isPartOf\":{\"@id\":\"https:\\\/\\\/serviceunion.com\\\/de\\\/#website\"},\"primaryImageOfPage\":{\"@id\":\"https:\\\/\\\/serviceunion.com\\\/fr\\\/planification-conception\\\/#primaryimage\"},\"image\":{\"@id\":\"https:\\\/\\\/serviceunion.com\\\/fr\\\/planification-conception\\\/#primaryimage\"},\"thumbnailUrl\":\"https:\\\/\\\/serviceunion.com\\\/wp-content\\\/uploads\\\/2021\\\/05\\\/SU-Labels-neu_Elektro-Service-Kopie-3.png\",\"datePublished\":\"2021-03-23T07:03:49+00:00\",\"dateModified\":\"2025-06-19T07:29:20+00:00\",\"description\":\"Votre partenaire r\u00e9gional en biogaz, pr\u00e9sent partout. Services pour installations, cog\u00e9n\u00e9ration, laboratoires et \u00e9lectricit\u00e9.\",\"breadcrumb\":{\"@id\":\"https:\\\/\\\/serviceunion.com\\\/fr\\\/planification-conception\\\/#breadcrumb\"},\"inLanguage\":\"fr-FR\",\"potentialAction\":[{\"@type\":\"ReadAction\",\"target\":[\"https:\\\/\\\/serviceunion.com\\\/fr\\\/planification-conception\\\/\"]}]},{\"@type\":\"ImageObject\",\"inLanguage\":\"fr-FR\",\"@id\":\"https:\\\/\\\/serviceunion.com\\\/fr\\\/planification-conception\\\/#primaryimage\",\"url\":\"https:\\\/\\\/serviceunion.com\\\/wp-content\\\/uploads\\\/2021\\\/05\\\/SU-Labels-neu_Elektro-Service-Kopie-3.png\",\"contentUrl\":\"https:\\\/\\\/serviceunion.com\\\/wp-content\\\/uploads\\\/2021\\\/05\\\/SU-Labels-neu_Elektro-Service-Kopie-3.png\"},{\"@type\":\"BreadcrumbList\",\"@id\":\"https:\\\/\\\/serviceunion.com\\\/fr\\\/planification-conception\\\/#breadcrumb\",\"itemListElement\":[{\"@type\":\"ListItem\",\"position\":1,\"name\":\"Homepage\",\"item\":\"https:\\\/\\\/serviceunion.com\\\/fr\\\/\"},{\"@type\":\"ListItem\",\"position\":2,\"name\":\"Process\"}]},{\"@type\":\"WebSite\",\"@id\":\"https:\\\/\\\/serviceunion.com\\\/de\\\/#website\",\"url\":\"https:\\\/\\\/serviceunion.com\\\/de\\\/\",\"name\":\"ServiceUnion GmbH\",\"description\":\"Ihr regionaler Partner. Rund um Biogas. Bundesweit.\",\"publisher\":{\"@id\":\"https:\\\/\\\/serviceunion.com\\\/de\\\/#organization\"},\"potentialAction\":[{\"@type\":\"SearchAction\",\"target\":{\"@type\":\"EntryPoint\",\"urlTemplate\":\"https:\\\/\\\/serviceunion.com\\\/de\\\/?s={search_term_string}\"},\"query-input\":{\"@type\":\"PropertyValueSpecification\",\"valueRequired\":true,\"valueName\":\"search_term_string\"}}],\"inLanguage\":\"fr-FR\"},{\"@type\":\"Organization\",\"@id\":\"https:\\\/\\\/serviceunion.com\\\/de\\\/#organization\",\"name\":\"ServiceUnion GmbH\",\"url\":\"https:\\\/\\\/serviceunion.com\\\/de\\\/\",\"logo\":{\"@type\":\"ImageObject\",\"inLanguage\":\"fr-FR\",\"@id\":\"https:\\\/\\\/serviceunion.com\\\/de\\\/#\\\/schema\\\/logo\\\/image\\\/\",\"url\":\"https:\\\/\\\/serviceunion.com\\\/wp-content\\\/uploads\\\/2021\\\/02\\\/160601_su-serviceunion-logo-4c-01-300x47-2.png\",\"contentUrl\":\"https:\\\/\\\/serviceunion.com\\\/wp-content\\\/uploads\\\/2021\\\/02\\\/160601_su-serviceunion-logo-4c-01-300x47-2.png\",\"width\":300,\"height\":47,\"caption\":\"ServiceUnion GmbH\"},\"image\":{\"@id\":\"https:\\\/\\\/serviceunion.com\\\/de\\\/#\\\/schema\\\/logo\\\/image\\\/\"}}]}<\/script>\n<!-- \/ Yoast SEO plugin. -->","yoast_head_json":{"title":"Process - ServiceUnion GmbH","description":"Votre partenaire r\u00e9gional en biogaz, pr\u00e9sent partout. Services pour installations, cog\u00e9n\u00e9ration, laboratoires et \u00e9lectricit\u00e9.","robots":{"index":"index","follow":"follow","max-snippet":"max-snippet:-1","max-image-preview":"max-image-preview:large","max-video-preview":"max-video-preview:-1"},"canonical":"https:\/\/serviceunion.com\/fr\/planification-conception\/","og_locale":"fr_FR","og_type":"article","og_title":"Process - ServiceUnion GmbH","og_description":"Votre partenaire r\u00e9gional en biogaz, pr\u00e9sent partout. Services pour installations, cog\u00e9n\u00e9ration, laboratoires et \u00e9lectricit\u00e9.","og_url":"https:\/\/serviceunion.com\/fr\/planification-conception\/","og_site_name":"ServiceUnion GmbH","article_modified_time":"2025-06-19T07:29:20+00:00","og_image":[{"width":285,"height":284,"url":"https:\/\/serviceunion.com\/wp-content\/uploads\/2021\/05\/SU-Labels-neu_Elektro-Service-Kopie-3.png","type":"image\/png"}],"twitter_card":"summary_large_image","twitter_misc":{"Dur\u00e9e de lecture estim\u00e9e":"1 minute"},"schema":{"@context":"https:\/\/schema.org","@graph":[{"@type":"WebPage","@id":"https:\/\/serviceunion.com\/fr\/planification-conception\/","url":"https:\/\/serviceunion.com\/fr\/planification-conception\/","name":"Process - ServiceUnion GmbH","isPartOf":{"@id":"https:\/\/serviceunion.com\/de\/#website"},"primaryImageOfPage":{"@id":"https:\/\/serviceunion.com\/fr\/planification-conception\/#primaryimage"},"image":{"@id":"https:\/\/serviceunion.com\/fr\/planification-conception\/#primaryimage"},"thumbnailUrl":"https:\/\/serviceunion.com\/wp-content\/uploads\/2021\/05\/SU-Labels-neu_Elektro-Service-Kopie-3.png","datePublished":"2021-03-23T07:03:49+00:00","dateModified":"2025-06-19T07:29:20+00:00","description":"Votre partenaire r\u00e9gional en biogaz, pr\u00e9sent partout. Services pour installations, cog\u00e9n\u00e9ration, laboratoires et \u00e9lectricit\u00e9.","breadcrumb":{"@id":"https:\/\/serviceunion.com\/fr\/planification-conception\/#breadcrumb"},"inLanguage":"fr-FR","potentialAction":[{"@type":"ReadAction","target":["https:\/\/serviceunion.com\/fr\/planification-conception\/"]}]},{"@type":"ImageObject","inLanguage":"fr-FR","@id":"https:\/\/serviceunion.com\/fr\/planification-conception\/#primaryimage","url":"https:\/\/serviceunion.com\/wp-content\/uploads\/2021\/05\/SU-Labels-neu_Elektro-Service-Kopie-3.png","contentUrl":"https:\/\/serviceunion.com\/wp-content\/uploads\/2021\/05\/SU-Labels-neu_Elektro-Service-Kopie-3.png"},{"@type":"BreadcrumbList","@id":"https:\/\/serviceunion.com\/fr\/planification-conception\/#breadcrumb","itemListElement":[{"@type":"ListItem","position":1,"name":"Homepage","item":"https:\/\/serviceunion.com\/fr\/"},{"@type":"ListItem","position":2,"name":"Process"}]},{"@type":"WebSite","@id":"https:\/\/serviceunion.com\/de\/#website","url":"https:\/\/serviceunion.com\/de\/","name":"ServiceUnion GmbH","description":"Ihr regionaler Partner. Rund um Biogas. Bundesweit.","publisher":{"@id":"https:\/\/serviceunion.com\/de\/#organization"},"potentialAction":[{"@type":"SearchAction","target":{"@type":"EntryPoint","urlTemplate":"https:\/\/serviceunion.com\/de\/?s={search_term_string}"},"query-input":{"@type":"PropertyValueSpecification","valueRequired":true,"valueName":"search_term_string"}}],"inLanguage":"fr-FR"},{"@type":"Organization","@id":"https:\/\/serviceunion.com\/de\/#organization","name":"ServiceUnion GmbH","url":"https:\/\/serviceunion.com\/de\/","logo":{"@type":"ImageObject","inLanguage":"fr-FR","@id":"https:\/\/serviceunion.com\/de\/#\/schema\/logo\/image\/","url":"https:\/\/serviceunion.com\/wp-content\/uploads\/2021\/02\/160601_su-serviceunion-logo-4c-01-300x47-2.png","contentUrl":"https:\/\/serviceunion.com\/wp-content\/uploads\/2021\/02\/160601_su-serviceunion-logo-4c-01-300x47-2.png","width":300,"height":47,"caption":"ServiceUnion GmbH"},"image":{"@id":"https:\/\/serviceunion.com\/de\/#\/schema\/logo\/image\/"}}]}},"_links":{"self":[{"href":"https:\/\/serviceunion.com\/fr\/wp-json\/wp\/v2\/pages\/10120","targetHints":{"allow":["GET"]}}],"collection":[{"href":"https:\/\/serviceunion.com\/fr\/wp-json\/wp\/v2\/pages"}],"about":[{"href":"https:\/\/serviceunion.com\/fr\/wp-json\/wp\/v2\/types\/page"}],"author":[{"embeddable":true,"href":"https:\/\/serviceunion.com\/fr\/wp-json\/wp\/v2\/users\/3"}],"replies":[{"embeddable":true,"href":"https:\/\/serviceunion.com\/fr\/wp-json\/wp\/v2\/comments?post=10120"}],"version-history":[{"count":8,"href":"https:\/\/serviceunion.com\/fr\/wp-json\/wp\/v2\/pages\/10120\/revisions"}],"predecessor-version":[{"id":10522,"href":"https:\/\/serviceunion.com\/fr\/wp-json\/wp\/v2\/pages\/10120\/revisions\/10522"}],"wp:attachment":[{"href":"https:\/\/serviceunion.com\/fr\/wp-json\/wp\/v2\/media?parent=10120"}],"curies":[{"name":"wp","href":"https:\/\/api.w.org\/{rel}","templated":true}]}}