{"id":10124,"date":"2021-03-05T10:30:49","date_gmt":"2021-03-05T10:30:49","guid":{"rendered":"https:\/\/serviceunion.com\/sites\/"},"modified":"2025-06-19T08:42:22","modified_gmt":"2025-06-19T08:42:22","slug":"localisation","status":"publish","type":"page","link":"https:\/\/serviceunion.com\/fr\/localisation\/","title":{"rendered":"Localisation"},"content":{"rendered":"\t\t<div data-elementor-type=\"wp-page\" data-elementor-id=\"10124\" class=\"elementor elementor-10124 elementor-250\" data-elementor-post-type=\"page\">\n\t\t\t\t\t\t<section class=\"elementor-section elementor-top-section elementor-element elementor-element-2c14cd6d elementor-section-height-min-height elementor-section-boxed elementor-section-height-default elementor-section-items-middle\" data-id=\"2c14cd6d\" data-element_type=\"section\" data-e-type=\"section\">\n\t\t\t\t\t\t<div class=\"elementor-container elementor-column-gap-default\">\n\t\t\t\t\t<div class=\"elementor-column elementor-col-100 elementor-top-column elementor-element elementor-element-4dc70612\" data-id=\"4dc70612\" data-element_type=\"column\" data-e-type=\"column\">\n\t\t\t<div class=\"elementor-widget-wrap elementor-element-populated\">\n\t\t\t\t\t\t<section class=\"elementor-section elementor-inner-section elementor-element elementor-element-78311133 elementor-section-full_width elementor-reverse-tablet elementor-reverse-mobile elementor-section-height-default elementor-section-height-default\" data-id=\"78311133\" data-element_type=\"section\" data-e-type=\"section\" data-settings=\"{&quot;background_background&quot;:&quot;classic&quot;}\">\n\t\t\t\t\t\t<div class=\"elementor-container elementor-column-gap-default\">\n\t\t\t\t\t<div class=\"elementor-column elementor-col-50 elementor-inner-column elementor-element elementor-element-3d2992a8\" data-id=\"3d2992a8\" data-element_type=\"column\" data-e-type=\"column\">\n\t\t\t<div class=\"elementor-widget-wrap elementor-element-populated\">\n\t\t\t\t\t\t<div class=\"elementor-element elementor-element-2bc2674 elementor-widget elementor-widget-heading\" data-id=\"2bc2674\" data-element_type=\"widget\" data-e-type=\"widget\" data-widget_type=\"heading.default\">\n\t\t\t\t<div class=\"elementor-widget-container\">\n\t\t\t\t\t<h2 class=\"elementor-heading-title elementor-size-xl\">Service National<\/h2>\t\t\t\t<\/div>\n\t\t\t\t<\/div>\n\t\t\t\t<div class=\"elementor-element elementor-element-ebfc005 elementor-widget elementor-widget-heading\" data-id=\"ebfc005\" data-element_type=\"widget\" data-e-type=\"widget\" data-widget_type=\"heading.default\">\n\t\t\t\t<div class=\"elementor-widget-container\">\n\t\t\t\t\t<h1 class=\"elementor-heading-title elementor-size-default\">Votre Partenaire. \n100% BIOGAZ. \nPARTOUT EN FRANCE.<\/h1>\t\t\t\t<\/div>\n\t\t\t\t<\/div>\n\t\t\t\t<div class=\"elementor-element elementor-element-7321598 elementor-widget elementor-widget-text-editor\" data-id=\"7321598\" data-element_type=\"widget\" data-e-type=\"widget\" data-widget_type=\"text-editor.default\">\n\t\t\t\t<div class=\"elementor-widget-container\">\n\t\t\t\t\t\t\t\t\t<p>Gr\u00e2ce \u00e0 nos agences de proximit\u00e9, nos techniciens interviennent encore plus vite sur votre unit\u00e9 si vous avez besoin d&#8217;un d\u00e9pannage, et vous proposent des prestations et des produits toujours adapt\u00e9s \u00e0 votre installation de m\u00e9thanisation.<\/p><p>Une <strong>agence de proximit\u00e9, c&#8217;est un stock et une \u00e9quipe de techniciens d\u00e9di\u00e9s<\/strong>, des interventions plus rapides et une connaissance approfondie des installations, tout en r\u00e9duisant notre empreinte carbone !<\/p>\t\t\t\t\t\t\t\t<\/div>\n\t\t\t\t<\/div>\n\t\t\t\t\t<\/div>\n\t\t<\/div>\n\t\t\t\t<div class=\"elementor-column elementor-col-50 elementor-inner-column elementor-element elementor-element-8611616\" data-id=\"8611616\" data-element_type=\"column\" data-e-type=\"column\">\n\t\t\t<div class=\"elementor-widget-wrap elementor-element-populated\">\n\t\t\t\t\t\t<div class=\"elementor-element elementor-element-3393509b elementor-widget elementor-widget-image\" data-id=\"3393509b\" data-element_type=\"widget\" data-e-type=\"widget\" data-widget_type=\"image.default\">\n\t\t\t\t<div class=\"elementor-widget-container\">\n\t\t\t\t\t\t\t\t\t\t\t\t\t\t\t<img fetchpriority=\"high\" decoding=\"async\" width=\"800\" height=\"925\" src=\"https:\/\/serviceunion.com\/wp-content\/uploads\/2025\/05\/AKFR_2505_Agences-SU-886x1024.png\" class=\"attachment-large size-large wp-image-10268\" alt=\"\" srcset=\"https:\/\/serviceunion.com\/wp-content\/uploads\/2025\/05\/AKFR_2505_Agences-SU-886x1024.png 886w, https:\/\/serviceunion.com\/wp-content\/uploads\/2025\/05\/AKFR_2505_Agences-SU-260x300.png 260w, https:\/\/serviceunion.com\/wp-content\/uploads\/2025\/05\/AKFR_2505_Agences-SU-768x888.png 768w, https:\/\/serviceunion.com\/wp-content\/uploads\/2025\/05\/AKFR_2505_Agences-SU-1329x1536.png 1329w, https:\/\/serviceunion.com\/wp-content\/uploads\/2025\/05\/AKFR_2505_Agences-SU-1772x2048.png 1772w\" sizes=\"(max-width: 800px) 100vw, 800px\" \/>\t\t\t\t\t\t\t\t\t\t\t\t\t\t\t<\/div>\n\t\t\t\t<\/div>\n\t\t\t\t\t<\/div>\n\t\t<\/div>\n\t\t\t\t\t<\/div>\n\t\t<\/section>\n\t\t\t\t\t<\/div>\n\t\t<\/div>\n\t\t\t\t\t<\/div>\n\t\t<\/section>\n\t\t\t\t<section class=\"elementor-section elementor-top-section elementor-element elementor-element-64b398e elementor-section-boxed elementor-section-height-default elementor-section-height-default\" data-id=\"64b398e\" data-element_type=\"section\" data-e-type=\"section\">\n\t\t\t\t\t\t<div class=\"elementor-container elementor-column-gap-default\">\n\t\t\t\t\t<div class=\"elementor-column elementor-col-100 elementor-top-column elementor-element elementor-element-5ae6d68\" data-id=\"5ae6d68\" data-element_type=\"column\" data-e-type=\"column\">\n\t\t\t<div class=\"elementor-widget-wrap elementor-element-populated\">\n\t\t\t\t\t\t<div class=\"elementor-element elementor-element-2178af9 elementor-widget-divider--view-line elementor-widget elementor-widget-divider\" data-id=\"2178af9\" data-element_type=\"widget\" data-e-type=\"widget\" data-widget_type=\"divider.default\">\n\t\t\t\t<div class=\"elementor-widget-container\">\n\t\t\t\t\t\t\t<div class=\"elementor-divider\">\n\t\t\t<span class=\"elementor-divider-separator\">\n\t\t\t\t\t\t<\/span>\n\t\t<\/div>\n\t\t\t\t\t\t<\/div>\n\t\t\t\t<\/div>\n\t\t\t\t\t<\/div>\n\t\t<\/div>\n\t\t\t\t\t<\/div>\n\t\t<\/section>\n\t\t\t\t<section class=\"elementor-section elementor-top-section elementor-element elementor-element-b773587 elementor-section-height-min-height elementor-section-boxed elementor-section-height-default elementor-section-items-middle\" data-id=\"b773587\" data-element_type=\"section\" data-e-type=\"section\">\n\t\t\t\t\t\t<div class=\"elementor-container elementor-column-gap-default\">\n\t\t\t\t\t<div class=\"elementor-column elementor-col-100 elementor-top-column elementor-element elementor-element-bf8836a\" data-id=\"bf8836a\" data-element_type=\"column\" data-e-type=\"column\">\n\t\t\t<div class=\"elementor-widget-wrap elementor-element-populated\">\n\t\t\t\t\t\t<div class=\"elementor-element elementor-element-1b3772d elementor-widget elementor-widget-heading\" data-id=\"1b3772d\" data-element_type=\"widget\" data-e-type=\"widget\" data-widget_type=\"heading.default\">\n\t\t\t\t<div class=\"elementor-widget-container\">\n\t\t\t\t\t<h2 class=\"elementor-heading-title elementor-size-default\">Nos agences de proximit\u00e9<\/h2>\t\t\t\t<\/div>\n\t\t\t\t<\/div>\n\t\t\t\t<div class=\"elementor-element elementor-element-43be2c0 elementor-widget elementor-widget-text-editor\" data-id=\"43be2c0\" data-element_type=\"widget\" data-e-type=\"widget\" data-widget_type=\"text-editor.default\">\n\t\t\t\t<div class=\"elementor-widget-container\">\n\t\t\t\t\t\t\t\t\t<p>ServiceUnion vous garantit un service r\u00e9actif et de proximit\u00e9. D\u00e9couvrez notre r\u00e9seau d&#8217;agences pour trouver celle la plus proche de chez vous. Nous serons ravis de r\u00e9pondre \u00e0 votre besoin !<\/p>\t\t\t\t\t\t\t\t<\/div>\n\t\t\t\t<\/div>\n\t\t\t\t<section class=\"elementor-section elementor-inner-section elementor-element elementor-element-2ff67a9 elementor-section-boxed elementor-section-height-default elementor-section-height-default\" data-id=\"2ff67a9\" data-element_type=\"section\" data-e-type=\"section\">\n\t\t\t\t\t\t<div class=\"elementor-container elementor-column-gap-default\">\n\t\t\t\t\t<div class=\"elementor-column elementor-col-100 elementor-inner-column elementor-element elementor-element-900c7f2\" data-id=\"900c7f2\" data-element_type=\"column\" data-e-type=\"column\">\n\t\t\t<div class=\"elementor-widget-wrap elementor-element-populated\">\n\t\t\t\t\t\t<div class=\"elementor-element elementor-element-daba016 elementor-widget elementor-widget-toggle\" data-id=\"daba016\" data-element_type=\"widget\" data-e-type=\"widget\" data-widget_type=\"toggle.default\">\n\t\t\t\t<div class=\"elementor-widget-container\">\n\t\t\t\t\t\t\t<div class=\"elementor-toggle\">\n\t\t\t\t\t\t\t<div class=\"elementor-toggle-item\">\n\t\t\t\t\t<div id=\"elementor-tab-title-2291\" class=\"elementor-tab-title\" data-tab=\"1\" role=\"button\" aria-controls=\"elementor-tab-content-2291\" aria-expanded=\"false\">\n\t\t\t\t\t\t\t\t\t\t\t\t<span class=\"elementor-toggle-icon elementor-toggle-icon-left\" aria-hidden=\"true\">\n\t\t\t\t\t\t\t\t\t\t\t\t\t\t\t<span class=\"elementor-toggle-icon-closed\"><i class=\"fas fa-caret-right\"><\/i><\/span>\n\t\t\t\t\t\t\t\t<span class=\"elementor-toggle-icon-opened\"><i class=\"elementor-toggle-icon-opened fas fa-caret-up\"><\/i><\/span>\n\t\t\t\t\t\t\t\t\t\t\t\t\t<\/span>\n\t\t\t\t\t\t\t\t\t\t\t\t<a class=\"elementor-toggle-title\" tabindex=\"0\">ServiceUnion La Chauss\u00e9e-Saint-Victor<\/a>\n\t\t\t\t\t<\/div>\n\n\t\t\t\t\t<div id=\"elementor-tab-content-2291\" class=\"elementor-tab-content elementor-clearfix\" data-tab=\"1\" role=\"region\" aria-labelledby=\"elementor-tab-title-2291\"><p><strong>ServiceUnion Blois<\/strong><br>5, rue Franciade <br>41260 La Chauss\u00e9e-St-Victor<br>T\u00e9l. : 02.45.94.00.16<br>Mail : <span id=\"cloak4c2e91d39daf83a3f770d2f3727848d9\">info<a href=\"mailto:service@serviceunion.fr\" data-auto-event-observed=\"true\">@serviceunion.fr<\/a><\/span><\/p><\/div>\n\t\t\t\t<\/div>\n\t\t\t\t\t\t\t<div class=\"elementor-toggle-item\">\n\t\t\t\t\t<div id=\"elementor-tab-title-2292\" class=\"elementor-tab-title\" data-tab=\"2\" role=\"button\" aria-controls=\"elementor-tab-content-2292\" aria-expanded=\"false\">\n\t\t\t\t\t\t\t\t\t\t\t\t<span class=\"elementor-toggle-icon elementor-toggle-icon-left\" aria-hidden=\"true\">\n\t\t\t\t\t\t\t\t\t\t\t\t\t\t\t<span class=\"elementor-toggle-icon-closed\"><i class=\"fas fa-caret-right\"><\/i><\/span>\n\t\t\t\t\t\t\t\t<span class=\"elementor-toggle-icon-opened\"><i class=\"elementor-toggle-icon-opened fas fa-caret-up\"><\/i><\/span>\n\t\t\t\t\t\t\t\t\t\t\t\t\t<\/span>\n\t\t\t\t\t\t\t\t\t\t\t\t<a class=\"elementor-toggle-title\" tabindex=\"0\">ServiceUnion Nancy<\/a>\n\t\t\t\t\t<\/div>\n\n\t\t\t\t\t<div id=\"elementor-tab-content-2292\" class=\"elementor-tab-content elementor-clearfix\" data-tab=\"2\" role=\"region\" aria-labelledby=\"elementor-tab-title-2292\"><p><strong>ServiceUnion Nancy<br><\/strong>Zone Industrielle Ouest<br>22, all\u00e9e des Peupliers <br>54180 Heillecourt<br>T\u00e9l. : 03.57.77.01.50<br>Mail : <span id=\"cloak4c2e91d39daf83a3f770d2f3727848d9\">info<a href=\"mailto:service@serviceunion.fr\" data-auto-event-observed=\"true\">@serviceunion.fr<\/a><\/span><\/p><\/div>\n\t\t\t\t<\/div>\n\t\t\t\t\t\t\t\t<\/div>\n\t\t\t\t\t\t<\/div>\n\t\t\t\t<\/div>\n\t\t\t\t\t<\/div>\n\t\t<\/div>\n\t\t\t\t\t<\/div>\n\t\t<\/section>\n\t\t\t\t\t<\/div>\n\t\t<\/div>\n\t\t\t\t\t<\/div>\n\t\t<\/section>\n\t\t\t\t<\/div>\n\t\t","protected":false},"excerpt":{"rendered":"<p>Service National Votre Partenaire. 100% BIOGAZ. PARTOUT EN FRANCE. Gr\u00e2ce \u00e0 nos agences de proximit\u00e9, nos techniciens interviennent encore plus vite sur votre unit\u00e9 si vous avez besoin d&#8217;un d\u00e9pannage, et vous proposent des prestations et des produits toujours adapt\u00e9s \u00e0 votre installation de m\u00e9thanisation. Une agence de proximit\u00e9, c&#8217;est un stock et une \u00e9quipe [&hellip;]<\/p>\n","protected":false},"author":6,"featured_media":0,"parent":0,"menu_order":0,"comment_status":"closed","ping_status":"closed","template":"","meta":{"footnotes":""},"class_list":["post-10124","page","type-page","status-publish","hentry"],"yoast_head":"<!-- This site is optimized with the Yoast SEO plugin v27.4 - https:\/\/yoast.com\/product\/yoast-seo-wordpress\/ -->\n<title>Localisation - ServiceUnion GmbH<\/title>\n<meta name=\"description\" content=\"Votre partenaire. 100% biogaz. Partout en France. Nos \u00e9quipes connaissent toutes les technologies des unit\u00e9s de m\u00e9thanisation agricole.\" \/>\n<meta name=\"robots\" content=\"index, follow, max-snippet:-1, max-image-preview:large, max-video-preview:-1\" \/>\n<link rel=\"canonical\" href=\"https:\/\/serviceunion.com\/fr\/localisation\/\" \/>\n<meta property=\"og:locale\" content=\"fr_FR\" \/>\n<meta property=\"og:type\" content=\"article\" \/>\n<meta property=\"og:title\" content=\"Localisation - ServiceUnion GmbH\" \/>\n<meta property=\"og:description\" content=\"Votre partenaire. 100% biogaz. Partout en France. Nos \u00e9quipes connaissent toutes les technologies des unit\u00e9s de m\u00e9thanisation agricole.\" \/>\n<meta property=\"og:url\" content=\"https:\/\/serviceunion.com\/fr\/localisation\/\" \/>\n<meta property=\"og:site_name\" content=\"ServiceUnion GmbH\" \/>\n<meta property=\"article:modified_time\" content=\"2025-06-19T08:42:22+00:00\" \/>\n<meta property=\"og:image\" content=\"https:\/\/serviceunion.com\/wp-content\/uploads\/2025\/05\/AKFR_2505_Agences-SU.png\" \/>\n\t<meta property=\"og:image:width\" content=\"2111\" \/>\n\t<meta property=\"og:image:height\" content=\"2440\" \/>\n\t<meta property=\"og:image:type\" content=\"image\/png\" \/>\n<meta name=\"twitter:card\" content=\"summary_large_image\" \/>\n<meta name=\"twitter:label1\" content=\"Dur\u00e9e de lecture estim\u00e9e\" \/>\n\t<meta name=\"twitter:data1\" content=\"1 minute\" \/>\n<script type=\"application\/ld+json\" class=\"yoast-schema-graph\">{\"@context\":\"https:\\\/\\\/schema.org\",\"@graph\":[{\"@type\":\"WebPage\",\"@id\":\"https:\\\/\\\/serviceunion.com\\\/fr\\\/localisation\\\/\",\"url\":\"https:\\\/\\\/serviceunion.com\\\/fr\\\/localisation\\\/\",\"name\":\"Localisation - ServiceUnion GmbH\",\"isPartOf\":{\"@id\":\"https:\\\/\\\/serviceunion.com\\\/de\\\/#website\"},\"primaryImageOfPage\":{\"@id\":\"https:\\\/\\\/serviceunion.com\\\/fr\\\/localisation\\\/#primaryimage\"},\"image\":{\"@id\":\"https:\\\/\\\/serviceunion.com\\\/fr\\\/localisation\\\/#primaryimage\"},\"thumbnailUrl\":\"https:\\\/\\\/serviceunion.com\\\/wp-content\\\/uploads\\\/2025\\\/05\\\/AKFR_2505_Agences-SU-886x1024.png\",\"datePublished\":\"2021-03-05T10:30:49+00:00\",\"dateModified\":\"2025-06-19T08:42:22+00:00\",\"description\":\"Votre partenaire. 100% biogaz. Partout en France. Nos \u00e9quipes connaissent toutes les technologies des unit\u00e9s de m\u00e9thanisation agricole.\",\"breadcrumb\":{\"@id\":\"https:\\\/\\\/serviceunion.com\\\/fr\\\/localisation\\\/#breadcrumb\"},\"inLanguage\":\"fr-FR\",\"potentialAction\":[{\"@type\":\"ReadAction\",\"target\":[\"https:\\\/\\\/serviceunion.com\\\/fr\\\/localisation\\\/\"]}]},{\"@type\":\"ImageObject\",\"inLanguage\":\"fr-FR\",\"@id\":\"https:\\\/\\\/serviceunion.com\\\/fr\\\/localisation\\\/#primaryimage\",\"url\":\"https:\\\/\\\/serviceunion.com\\\/wp-content\\\/uploads\\\/2025\\\/05\\\/AKFR_2505_Agences-SU-886x1024.png\",\"contentUrl\":\"https:\\\/\\\/serviceunion.com\\\/wp-content\\\/uploads\\\/2025\\\/05\\\/AKFR_2505_Agences-SU-886x1024.png\"},{\"@type\":\"BreadcrumbList\",\"@id\":\"https:\\\/\\\/serviceunion.com\\\/fr\\\/localisation\\\/#breadcrumb\",\"itemListElement\":[{\"@type\":\"ListItem\",\"position\":1,\"name\":\"Homepage\",\"item\":\"https:\\\/\\\/serviceunion.com\\\/fr\\\/\"},{\"@type\":\"ListItem\",\"position\":2,\"name\":\"Localisation\"}]},{\"@type\":\"WebSite\",\"@id\":\"https:\\\/\\\/serviceunion.com\\\/de\\\/#website\",\"url\":\"https:\\\/\\\/serviceunion.com\\\/de\\\/\",\"name\":\"ServiceUnion GmbH\",\"description\":\"Ihr regionaler Partner. Rund um Biogas. Bundesweit.\",\"publisher\":{\"@id\":\"https:\\\/\\\/serviceunion.com\\\/de\\\/#organization\"},\"potentialAction\":[{\"@type\":\"SearchAction\",\"target\":{\"@type\":\"EntryPoint\",\"urlTemplate\":\"https:\\\/\\\/serviceunion.com\\\/de\\\/?s={search_term_string}\"},\"query-input\":{\"@type\":\"PropertyValueSpecification\",\"valueRequired\":true,\"valueName\":\"search_term_string\"}}],\"inLanguage\":\"fr-FR\"},{\"@type\":\"Organization\",\"@id\":\"https:\\\/\\\/serviceunion.com\\\/de\\\/#organization\",\"name\":\"ServiceUnion GmbH\",\"url\":\"https:\\\/\\\/serviceunion.com\\\/de\\\/\",\"logo\":{\"@type\":\"ImageObject\",\"inLanguage\":\"fr-FR\",\"@id\":\"https:\\\/\\\/serviceunion.com\\\/de\\\/#\\\/schema\\\/logo\\\/image\\\/\",\"url\":\"https:\\\/\\\/serviceunion.com\\\/wp-content\\\/uploads\\\/2021\\\/02\\\/160601_su-serviceunion-logo-4c-01-300x47-2.png\",\"contentUrl\":\"https:\\\/\\\/serviceunion.com\\\/wp-content\\\/uploads\\\/2021\\\/02\\\/160601_su-serviceunion-logo-4c-01-300x47-2.png\",\"width\":300,\"height\":47,\"caption\":\"ServiceUnion GmbH\"},\"image\":{\"@id\":\"https:\\\/\\\/serviceunion.com\\\/de\\\/#\\\/schema\\\/logo\\\/image\\\/\"}}]}<\/script>\n<!-- \/ Yoast SEO plugin. -->","yoast_head_json":{"title":"Localisation - ServiceUnion GmbH","description":"Votre partenaire. 100% biogaz. Partout en France. Nos \u00e9quipes connaissent toutes les technologies des unit\u00e9s de m\u00e9thanisation agricole.","robots":{"index":"index","follow":"follow","max-snippet":"max-snippet:-1","max-image-preview":"max-image-preview:large","max-video-preview":"max-video-preview:-1"},"canonical":"https:\/\/serviceunion.com\/fr\/localisation\/","og_locale":"fr_FR","og_type":"article","og_title":"Localisation - ServiceUnion GmbH","og_description":"Votre partenaire. 100% biogaz. Partout en France. Nos \u00e9quipes connaissent toutes les technologies des unit\u00e9s de m\u00e9thanisation agricole.","og_url":"https:\/\/serviceunion.com\/fr\/localisation\/","og_site_name":"ServiceUnion GmbH","article_modified_time":"2025-06-19T08:42:22+00:00","og_image":[{"width":2111,"height":2440,"url":"https:\/\/serviceunion.com\/wp-content\/uploads\/2025\/05\/AKFR_2505_Agences-SU.png","type":"image\/png"}],"twitter_card":"summary_large_image","twitter_misc":{"Dur\u00e9e de lecture estim\u00e9e":"1 minute"},"schema":{"@context":"https:\/\/schema.org","@graph":[{"@type":"WebPage","@id":"https:\/\/serviceunion.com\/fr\/localisation\/","url":"https:\/\/serviceunion.com\/fr\/localisation\/","name":"Localisation - ServiceUnion GmbH","isPartOf":{"@id":"https:\/\/serviceunion.com\/de\/#website"},"primaryImageOfPage":{"@id":"https:\/\/serviceunion.com\/fr\/localisation\/#primaryimage"},"image":{"@id":"https:\/\/serviceunion.com\/fr\/localisation\/#primaryimage"},"thumbnailUrl":"https:\/\/serviceunion.com\/wp-content\/uploads\/2025\/05\/AKFR_2505_Agences-SU-886x1024.png","datePublished":"2021-03-05T10:30:49+00:00","dateModified":"2025-06-19T08:42:22+00:00","description":"Votre partenaire. 100% biogaz. Partout en France. Nos \u00e9quipes connaissent toutes les technologies des unit\u00e9s de m\u00e9thanisation agricole.","breadcrumb":{"@id":"https:\/\/serviceunion.com\/fr\/localisation\/#breadcrumb"},"inLanguage":"fr-FR","potentialAction":[{"@type":"ReadAction","target":["https:\/\/serviceunion.com\/fr\/localisation\/"]}]},{"@type":"ImageObject","inLanguage":"fr-FR","@id":"https:\/\/serviceunion.com\/fr\/localisation\/#primaryimage","url":"https:\/\/serviceunion.com\/wp-content\/uploads\/2025\/05\/AKFR_2505_Agences-SU-886x1024.png","contentUrl":"https:\/\/serviceunion.com\/wp-content\/uploads\/2025\/05\/AKFR_2505_Agences-SU-886x1024.png"},{"@type":"BreadcrumbList","@id":"https:\/\/serviceunion.com\/fr\/localisation\/#breadcrumb","itemListElement":[{"@type":"ListItem","position":1,"name":"Homepage","item":"https:\/\/serviceunion.com\/fr\/"},{"@type":"ListItem","position":2,"name":"Localisation"}]},{"@type":"WebSite","@id":"https:\/\/serviceunion.com\/de\/#website","url":"https:\/\/serviceunion.com\/de\/","name":"ServiceUnion GmbH","description":"Ihr regionaler Partner. Rund um Biogas. Bundesweit.","publisher":{"@id":"https:\/\/serviceunion.com\/de\/#organization"},"potentialAction":[{"@type":"SearchAction","target":{"@type":"EntryPoint","urlTemplate":"https:\/\/serviceunion.com\/de\/?s={search_term_string}"},"query-input":{"@type":"PropertyValueSpecification","valueRequired":true,"valueName":"search_term_string"}}],"inLanguage":"fr-FR"},{"@type":"Organization","@id":"https:\/\/serviceunion.com\/de\/#organization","name":"ServiceUnion GmbH","url":"https:\/\/serviceunion.com\/de\/","logo":{"@type":"ImageObject","inLanguage":"fr-FR","@id":"https:\/\/serviceunion.com\/de\/#\/schema\/logo\/image\/","url":"https:\/\/serviceunion.com\/wp-content\/uploads\/2021\/02\/160601_su-serviceunion-logo-4c-01-300x47-2.png","contentUrl":"https:\/\/serviceunion.com\/wp-content\/uploads\/2021\/02\/160601_su-serviceunion-logo-4c-01-300x47-2.png","width":300,"height":47,"caption":"ServiceUnion GmbH"},"image":{"@id":"https:\/\/serviceunion.com\/de\/#\/schema\/logo\/image\/"}}]}},"_links":{"self":[{"href":"https:\/\/serviceunion.com\/fr\/wp-json\/wp\/v2\/pages\/10124","targetHints":{"allow":["GET"]}}],"collection":[{"href":"https:\/\/serviceunion.com\/fr\/wp-json\/wp\/v2\/pages"}],"about":[{"href":"https:\/\/serviceunion.com\/fr\/wp-json\/wp\/v2\/types\/page"}],"author":[{"embeddable":true,"href":"https:\/\/serviceunion.com\/fr\/wp-json\/wp\/v2\/users\/6"}],"replies":[{"embeddable":true,"href":"https:\/\/serviceunion.com\/fr\/wp-json\/wp\/v2\/comments?post=10124"}],"version-history":[{"count":14,"href":"https:\/\/serviceunion.com\/fr\/wp-json\/wp\/v2\/pages\/10124\/revisions"}],"predecessor-version":[{"id":10563,"href":"https:\/\/serviceunion.com\/fr\/wp-json\/wp\/v2\/pages\/10124\/revisions\/10563"}],"wp:attachment":[{"href":"https:\/\/serviceunion.com\/fr\/wp-json\/wp\/v2\/media?parent=10124"}],"curies":[{"name":"wp","href":"https:\/\/api.w.org\/{rel}","templated":true}]}}