{"id":7986,"date":"2021-05-21T11:27:22","date_gmt":"2021-05-21T11:27:22","guid":{"rendered":"https:\/\/serviceunion.com\/cgv\/"},"modified":"2023-09-20T08:57:59","modified_gmt":"2023-09-20T08:57:59","slug":"cgv","status":"publish","type":"page","link":"https:\/\/serviceunion.com\/fr\/cgv\/","title":{"rendered":"Conditions G\u00e9n\u00e9rales de Vente"},"content":{"rendered":"\t\t<div data-elementor-type=\"wp-page\" data-elementor-id=\"7986\" class=\"elementor elementor-7986 elementor-3077\" data-elementor-post-type=\"page\">\n\t\t\t\t\t\t<section class=\"elementor-section elementor-top-section elementor-element elementor-element-c152e34 elementor-section-height-min-height elementor-section-boxed elementor-section-height-default elementor-section-items-middle\" data-id=\"c152e34\" data-element_type=\"section\" data-e-type=\"section\" data-settings=\"{&quot;background_background&quot;:&quot;classic&quot;}\">\n\t\t\t\t\t\t<div class=\"elementor-container elementor-column-gap-default\">\n\t\t\t\t\t<div class=\"elementor-column elementor-col-100 elementor-top-column elementor-element elementor-element-0a6c561\" data-id=\"0a6c561\" data-element_type=\"column\" data-e-type=\"column\">\n\t\t\t<div class=\"elementor-widget-wrap elementor-element-populated\">\n\t\t\t\t\t\t<div class=\"elementor-element elementor-element-6e1e5a31 elementor-widget elementor-widget-heading\" data-id=\"6e1e5a31\" data-element_type=\"widget\" data-e-type=\"widget\" data-widget_type=\"heading.default\">\n\t\t\t\t<div class=\"elementor-widget-container\">\n\t\t\t\t\t<h1 class=\"elementor-heading-title elementor-size-default\">Conditions G\u00e9n\u00e9rales de Vente<\/h1>\t\t\t\t<\/div>\n\t\t\t\t<\/div>\n\t\t\t\t\t<\/div>\n\t\t<\/div>\n\t\t\t\t\t<\/div>\n\t\t<\/section>\n\t\t\t\t<section class=\"elementor-section elementor-top-section elementor-element elementor-element-662dc503 elementor-section-boxed elementor-section-height-default elementor-section-height-default\" data-id=\"662dc503\" data-element_type=\"section\" data-e-type=\"section\">\n\t\t\t\t\t\t<div class=\"elementor-container elementor-column-gap-default\">\n\t\t\t\t\t<div class=\"elementor-column elementor-col-100 elementor-top-column elementor-element elementor-element-2916333\" data-id=\"2916333\" data-element_type=\"column\" data-e-type=\"column\">\n\t\t\t<div class=\"elementor-widget-wrap elementor-element-populated\">\n\t\t\t\t\t\t<div class=\"elementor-element elementor-element-70c34d9 elementor-widget elementor-widget-spacer\" data-id=\"70c34d9\" data-element_type=\"widget\" data-e-type=\"widget\" data-widget_type=\"spacer.default\">\n\t\t\t\t<div class=\"elementor-widget-container\">\n\t\t\t\t\t\t\t<div class=\"elementor-spacer\">\n\t\t\t<div class=\"elementor-spacer-inner\"><\/div>\n\t\t<\/div>\n\t\t\t\t\t\t<\/div>\n\t\t\t\t<\/div>\n\t\t\t\t<div class=\"elementor-element elementor-element-f74f2fc elementor-widget elementor-widget-text-editor\" data-id=\"f74f2fc\" data-element_type=\"widget\" data-e-type=\"widget\" data-widget_type=\"text-editor.default\">\n\t\t\t\t<div class=\"elementor-widget-container\">\n\t\t\t\t\t\t\t\t\t<p><strong>Conditions G\u00e9n\u00e9rales de Vente (CGV)<\/strong><\/p><p>Retrouvez ici nos Conditions G\u00e9n\u00e9rales de Vente et de Services. <br \/>Vous pouvez les consulter et les t\u00e9l\u00e9charger en pdf : <br \/><a href=\"https:\/\/serviceunion.com\/wp-content\/uploads\/2023\/08\/CGV-ServiceUnion-20230627.pdf\" target=\"_blank\" rel=\"noopener\"><strong>Conditions G\u00e9n\u00e9rales de Vente et de Services de ServiceUnion France SAS<\/strong><\/a><\/p>\t\t\t\t\t\t\t\t<\/div>\n\t\t\t\t<\/div>\n\t\t\t\t<div class=\"elementor-element elementor-element-17a21666 elementor-widget elementor-widget-spacer\" data-id=\"17a21666\" data-element_type=\"widget\" data-e-type=\"widget\" data-widget_type=\"spacer.default\">\n\t\t\t\t<div class=\"elementor-widget-container\">\n\t\t\t\t\t\t\t<div class=\"elementor-spacer\">\n\t\t\t<div class=\"elementor-spacer-inner\"><\/div>\n\t\t<\/div>\n\t\t\t\t\t\t<\/div>\n\t\t\t\t<\/div>\n\t\t\t\t\t<\/div>\n\t\t<\/div>\n\t\t\t\t\t<\/div>\n\t\t<\/section>\n\t\t\t\t<\/div>\n\t\t","protected":false},"excerpt":{"rendered":"<p>Conditions G\u00e9n\u00e9rales de Vente Conditions G\u00e9n\u00e9rales de Vente (CGV) Retrouvez ici nos Conditions G\u00e9n\u00e9rales de Vente et de Services. Vous pouvez les consulter et les t\u00e9l\u00e9charger en pdf : Conditions G\u00e9n\u00e9rales de Vente et de Services de ServiceUnion France SAS<\/p>\n","protected":false},"author":6,"featured_media":0,"parent":0,"menu_order":0,"comment_status":"closed","ping_status":"closed","template":"","meta":{"footnotes":""},"class_list":["post-7986","page","type-page","status-publish","hentry"],"yoast_head":"<!-- This site is optimized with the Yoast SEO plugin v27.4 - https:\/\/yoast.com\/product\/yoast-seo-wordpress\/ -->\n<title>Conditions G\u00e9n\u00e9rales de Vente - ServiceUnion France<\/title>\n<meta name=\"description\" content=\"Les Conditions G\u00e9n\u00e9rales de Vente et de Services de ServiceUnion France sont accessibles pour tous nos clients. T\u00e9l\u00e9chargez-les!\" \/>\n<meta name=\"robots\" content=\"noindex, nofollow\" \/>\n<meta property=\"og:locale\" content=\"fr_FR\" \/>\n<meta property=\"og:type\" content=\"article\" \/>\n<meta property=\"og:title\" content=\"Conditions G\u00e9n\u00e9rales de Vente - ServiceUnion France\" \/>\n<meta property=\"og:description\" content=\"Les Conditions G\u00e9n\u00e9rales de Vente et de Services de ServiceUnion France sont accessibles pour tous nos clients. T\u00e9l\u00e9chargez-les!\" \/>\n<meta property=\"og:url\" content=\"https:\/\/serviceunion.com\/fr\/cgv\/\" \/>\n<meta property=\"og:site_name\" content=\"ServiceUnion GmbH\" \/>\n<meta property=\"article:modified_time\" content=\"2023-09-20T08:57:59+00:00\" \/>\n<meta name=\"twitter:card\" content=\"summary_large_image\" \/>\n<script type=\"application\/ld+json\" class=\"yoast-schema-graph\">{\"@context\":\"https:\\\/\\\/schema.org\",\"@graph\":[{\"@type\":\"WebPage\",\"@id\":\"https:\\\/\\\/serviceunion.com\\\/fr\\\/cgv\\\/\",\"url\":\"https:\\\/\\\/serviceunion.com\\\/fr\\\/cgv\\\/\",\"name\":\"Conditions G\u00e9n\u00e9rales de Vente - ServiceUnion France\",\"isPartOf\":{\"@id\":\"https:\\\/\\\/serviceunion.com\\\/de\\\/#website\"},\"datePublished\":\"2021-05-21T11:27:22+00:00\",\"dateModified\":\"2023-09-20T08:57:59+00:00\",\"description\":\"Les Conditions G\u00e9n\u00e9rales de Vente et de Services de ServiceUnion France sont accessibles pour tous nos clients. T\u00e9l\u00e9chargez-les!\",\"breadcrumb\":{\"@id\":\"https:\\\/\\\/serviceunion.com\\\/fr\\\/cgv\\\/#breadcrumb\"},\"inLanguage\":\"fr-FR\",\"potentialAction\":[{\"@type\":\"ReadAction\",\"target\":[\"https:\\\/\\\/serviceunion.com\\\/fr\\\/cgv\\\/\"]}]},{\"@type\":\"BreadcrumbList\",\"@id\":\"https:\\\/\\\/serviceunion.com\\\/fr\\\/cgv\\\/#breadcrumb\",\"itemListElement\":[{\"@type\":\"ListItem\",\"position\":1,\"name\":\"Homepage\",\"item\":\"https:\\\/\\\/serviceunion.com\\\/fr\\\/\"},{\"@type\":\"ListItem\",\"position\":2,\"name\":\"Conditions G\u00e9n\u00e9rales de Vente\"}]},{\"@type\":\"WebSite\",\"@id\":\"https:\\\/\\\/serviceunion.com\\\/de\\\/#website\",\"url\":\"https:\\\/\\\/serviceunion.com\\\/de\\\/\",\"name\":\"ServiceUnion GmbH\",\"description\":\"Ihr regionaler Partner. Rund um Biogas. Bundesweit.\",\"publisher\":{\"@id\":\"https:\\\/\\\/serviceunion.com\\\/de\\\/#organization\"},\"potentialAction\":[{\"@type\":\"SearchAction\",\"target\":{\"@type\":\"EntryPoint\",\"urlTemplate\":\"https:\\\/\\\/serviceunion.com\\\/de\\\/?s={search_term_string}\"},\"query-input\":{\"@type\":\"PropertyValueSpecification\",\"valueRequired\":true,\"valueName\":\"search_term_string\"}}],\"inLanguage\":\"fr-FR\"},{\"@type\":\"Organization\",\"@id\":\"https:\\\/\\\/serviceunion.com\\\/de\\\/#organization\",\"name\":\"ServiceUnion GmbH\",\"url\":\"https:\\\/\\\/serviceunion.com\\\/de\\\/\",\"logo\":{\"@type\":\"ImageObject\",\"inLanguage\":\"fr-FR\",\"@id\":\"https:\\\/\\\/serviceunion.com\\\/de\\\/#\\\/schema\\\/logo\\\/image\\\/\",\"url\":\"https:\\\/\\\/serviceunion.com\\\/wp-content\\\/uploads\\\/2021\\\/02\\\/160601_su-serviceunion-logo-4c-01-300x47-2.png\",\"contentUrl\":\"https:\\\/\\\/serviceunion.com\\\/wp-content\\\/uploads\\\/2021\\\/02\\\/160601_su-serviceunion-logo-4c-01-300x47-2.png\",\"width\":300,\"height\":47,\"caption\":\"ServiceUnion GmbH\"},\"image\":{\"@id\":\"https:\\\/\\\/serviceunion.com\\\/de\\\/#\\\/schema\\\/logo\\\/image\\\/\"}}]}<\/script>\n<!-- \/ Yoast SEO plugin. -->","yoast_head_json":{"title":"Conditions G\u00e9n\u00e9rales de Vente - ServiceUnion France","description":"Les Conditions G\u00e9n\u00e9rales de Vente et de Services de ServiceUnion France sont accessibles pour tous nos clients. T\u00e9l\u00e9chargez-les!","robots":{"index":"noindex","follow":"nofollow"},"og_locale":"fr_FR","og_type":"article","og_title":"Conditions G\u00e9n\u00e9rales de Vente - ServiceUnion France","og_description":"Les Conditions G\u00e9n\u00e9rales de Vente et de Services de ServiceUnion France sont accessibles pour tous nos clients. T\u00e9l\u00e9chargez-les!","og_url":"https:\/\/serviceunion.com\/fr\/cgv\/","og_site_name":"ServiceUnion GmbH","article_modified_time":"2023-09-20T08:57:59+00:00","twitter_card":"summary_large_image","schema":{"@context":"https:\/\/schema.org","@graph":[{"@type":"WebPage","@id":"https:\/\/serviceunion.com\/fr\/cgv\/","url":"https:\/\/serviceunion.com\/fr\/cgv\/","name":"Conditions G\u00e9n\u00e9rales de Vente - ServiceUnion France","isPartOf":{"@id":"https:\/\/serviceunion.com\/de\/#website"},"datePublished":"2021-05-21T11:27:22+00:00","dateModified":"2023-09-20T08:57:59+00:00","description":"Les Conditions G\u00e9n\u00e9rales de Vente et de Services de ServiceUnion France sont accessibles pour tous nos clients. T\u00e9l\u00e9chargez-les!","breadcrumb":{"@id":"https:\/\/serviceunion.com\/fr\/cgv\/#breadcrumb"},"inLanguage":"fr-FR","potentialAction":[{"@type":"ReadAction","target":["https:\/\/serviceunion.com\/fr\/cgv\/"]}]},{"@type":"BreadcrumbList","@id":"https:\/\/serviceunion.com\/fr\/cgv\/#breadcrumb","itemListElement":[{"@type":"ListItem","position":1,"name":"Homepage","item":"https:\/\/serviceunion.com\/fr\/"},{"@type":"ListItem","position":2,"name":"Conditions G\u00e9n\u00e9rales de Vente"}]},{"@type":"WebSite","@id":"https:\/\/serviceunion.com\/de\/#website","url":"https:\/\/serviceunion.com\/de\/","name":"ServiceUnion GmbH","description":"Ihr regionaler Partner. Rund um Biogas. Bundesweit.","publisher":{"@id":"https:\/\/serviceunion.com\/de\/#organization"},"potentialAction":[{"@type":"SearchAction","target":{"@type":"EntryPoint","urlTemplate":"https:\/\/serviceunion.com\/de\/?s={search_term_string}"},"query-input":{"@type":"PropertyValueSpecification","valueRequired":true,"valueName":"search_term_string"}}],"inLanguage":"fr-FR"},{"@type":"Organization","@id":"https:\/\/serviceunion.com\/de\/#organization","name":"ServiceUnion GmbH","url":"https:\/\/serviceunion.com\/de\/","logo":{"@type":"ImageObject","inLanguage":"fr-FR","@id":"https:\/\/serviceunion.com\/de\/#\/schema\/logo\/image\/","url":"https:\/\/serviceunion.com\/wp-content\/uploads\/2021\/02\/160601_su-serviceunion-logo-4c-01-300x47-2.png","contentUrl":"https:\/\/serviceunion.com\/wp-content\/uploads\/2021\/02\/160601_su-serviceunion-logo-4c-01-300x47-2.png","width":300,"height":47,"caption":"ServiceUnion GmbH"},"image":{"@id":"https:\/\/serviceunion.com\/de\/#\/schema\/logo\/image\/"}}]}},"_links":{"self":[{"href":"https:\/\/serviceunion.com\/fr\/wp-json\/wp\/v2\/pages\/7986","targetHints":{"allow":["GET"]}}],"collection":[{"href":"https:\/\/serviceunion.com\/fr\/wp-json\/wp\/v2\/pages"}],"about":[{"href":"https:\/\/serviceunion.com\/fr\/wp-json\/wp\/v2\/types\/page"}],"author":[{"embeddable":true,"href":"https:\/\/serviceunion.com\/fr\/wp-json\/wp\/v2\/users\/6"}],"replies":[{"embeddable":true,"href":"https:\/\/serviceunion.com\/fr\/wp-json\/wp\/v2\/comments?post=7986"}],"version-history":[{"count":45,"href":"https:\/\/serviceunion.com\/fr\/wp-json\/wp\/v2\/pages\/7986\/revisions"}],"predecessor-version":[{"id":8478,"href":"https:\/\/serviceunion.com\/fr\/wp-json\/wp\/v2\/pages\/7986\/revisions\/8478"}],"wp:attachment":[{"href":"https:\/\/serviceunion.com\/fr\/wp-json\/wp\/v2\/media?parent=7986"}],"curies":[{"name":"wp","href":"https:\/\/api.w.org\/{rel}","templated":true}]}}