{"id":7993,"date":"2021-05-21T11:04:16","date_gmt":"2021-05-21T11:04:16","guid":{"rendered":"https:\/\/serviceunion.com\/mentions-legales\/"},"modified":"2025-07-15T14:13:34","modified_gmt":"2025-07-15T14:13:34","slug":"mentions-legales","status":"publish","type":"page","link":"https:\/\/serviceunion.com\/fr\/mentions-legales\/","title":{"rendered":"Mentions l\u00e9gales"},"content":{"rendered":"\t\t<div data-elementor-type=\"wp-page\" data-elementor-id=\"7993\" class=\"elementor elementor-7993 elementor-3048\" data-elementor-post-type=\"page\">\n\t\t\t\t\t\t<section class=\"elementor-section elementor-top-section elementor-element elementor-element-c152e34 elementor-section-height-min-height elementor-section-boxed elementor-section-height-default elementor-section-items-middle\" data-id=\"c152e34\" data-element_type=\"section\" data-e-type=\"section\" data-settings=\"{&quot;background_background&quot;:&quot;classic&quot;}\">\n\t\t\t\t\t\t<div class=\"elementor-container elementor-column-gap-default\">\n\t\t\t\t\t<div class=\"elementor-column elementor-col-100 elementor-top-column elementor-element elementor-element-0a6c561\" data-id=\"0a6c561\" data-element_type=\"column\" data-e-type=\"column\">\n\t\t\t<div class=\"elementor-widget-wrap elementor-element-populated\">\n\t\t\t\t\t\t<div class=\"elementor-element elementor-element-6e1e5a31 elementor-widget elementor-widget-heading\" data-id=\"6e1e5a31\" data-element_type=\"widget\" data-e-type=\"widget\" data-widget_type=\"heading.default\">\n\t\t\t\t<div class=\"elementor-widget-container\">\n\t\t\t\t\t<h1 class=\"elementor-heading-title elementor-size-default\">Mentions l\u00e9gales<\/h1>\t\t\t\t<\/div>\n\t\t\t\t<\/div>\n\t\t\t\t\t<\/div>\n\t\t<\/div>\n\t\t\t\t\t<\/div>\n\t\t<\/section>\n\t\t\t\t<section class=\"elementor-section elementor-top-section elementor-element elementor-element-662dc503 elementor-section-boxed elementor-section-height-default elementor-section-height-default\" data-id=\"662dc503\" data-element_type=\"section\" data-e-type=\"section\">\n\t\t\t\t\t\t<div class=\"elementor-container elementor-column-gap-default\">\n\t\t\t\t\t<div class=\"elementor-column elementor-col-100 elementor-top-column elementor-element elementor-element-2916333\" data-id=\"2916333\" data-element_type=\"column\" data-e-type=\"column\">\n\t\t\t<div class=\"elementor-widget-wrap elementor-element-populated\">\n\t\t\t\t\t\t<div class=\"elementor-element elementor-element-a965195 elementor-widget elementor-widget-heading\" data-id=\"a965195\" data-element_type=\"widget\" data-e-type=\"widget\" data-widget_type=\"heading.default\">\n\t\t\t\t<div class=\"elementor-widget-container\">\n\t\t\t\t\t<h2 class=\"elementor-heading-title elementor-size-default\">Informations selon \u00a75 R\u00e8glement sur les Services Num\u00e9riques (RSN)<\/h2>\t\t\t\t<\/div>\n\t\t\t\t<\/div>\n\t\t\t\t<div class=\"elementor-element elementor-element-f74f2fc elementor-widget elementor-widget-text-editor\" data-id=\"f74f2fc\" data-element_type=\"widget\" data-e-type=\"widget\" data-widget_type=\"text-editor.default\">\n\t\t\t\t<div class=\"elementor-widget-container\">\n\t\t\t\t\t\t\t\t\t<p><strong>Contact :<\/strong><\/p><p>ServiceUnion France<br \/>5, rue Franciade 10<br \/>41260 La Chauss\u00e9e-St-Victor<\/p><p><span style=\"text-decoration: underline;\">Repr\u00e9sent\u00e9 par :<\/span><\/p><p>Eric KURZAWSKI<\/p><p><span style=\"text-decoration: underline;\">Contact :<\/span><br \/>T\u00e9l. : 02 45 94 00 16<br \/>info@serviceunion.fr<\/p><p>SAS unipersonnelle au capital de 2.920.000 \u20ac<br \/>Enregistrement :<br \/>RCS Blois 838 991 115<br \/>Siret : 838 991 115 000 18<\/p><p>N\u00b0 de TVA intracommunautaire<br \/>Loi sur la taxe de la valeur ajout\u00e9e :<br \/>TVA : FR 91 838 991 115<\/p><p>R\u00e9glement des litiges<br \/>Nous ne sommes ni dispos\u00e9s ni oblig\u00e9s de participer \u00e0 des proc\u00e9dures de r\u00e8glement des litiges aupr\u00e8s de commissions d&#8217;arbitrage des consommateurs.<\/p><p>Responsabilit\u00e9 sur le contenu<br \/>En tant que prestataire de services, nous sommes responsables du contenu de ces pages conform\u00e9ment au \u00a7 7 alin\u00e9a 1 RSN. RSN est responsable de son propre contenu sur ces pages conform\u00e9ment aux lois g\u00e9n\u00e9rales. Selon les \u00a7\u00a7 8 \u00e0 10 RSN, nous ne sommes pas oblig\u00e9s, en tant que prestataires de services, de surveiller les informations transmises ou stock\u00e9es par des tiers ou d&#8217;enqu\u00eater sur des circonstances qui indiquent une activit\u00e9 ill\u00e9gale.<br \/>Les obligations de supprimer ou de bloquer l&#8217;utilisation des informations conform\u00e9ment aux lois g\u00e9n\u00e9rales n&#8217;en sont pas affect\u00e9es. Toutefois, la responsabilit\u00e9 \u00e0 cet \u00e9gard n&#8217;est possible qu&#8217;\u00e0 partir du moment o\u00f9 l&#8217;on a connaissance d&#8217;une violation concr\u00e8te de la loi. D\u00e8s que nous avons connaissance de telles violations de la loi, nous supprimerons imm\u00e9diatement ces contenus.<\/p><p>Responsabilit\u00e9 pour les liens<br \/>Notre site Web contient des liens vers des sites Web externes de tiers sur le contenu desquels nous n&#8217;avons aucune influence. Par cons\u00e9quent, nous ne pouvons assumer aucune responsabilit\u00e9 pour ces contenus externes. Le fournisseur ou l&#8217;exploitant respectif des pages est toujours responsable du contenu des pages li\u00e9es. Les pages li\u00e9es ont \u00e9t\u00e9 v\u00e9rifi\u00e9es au moment de l&#8217;\u00e9tablissement du lien afin de d\u00e9tecter d&#8217;\u00e9ventuelles violations de la loi. Les contenus ill\u00e9gaux n&#8217;\u00e9taient pas reconnaissables au moment de la cr\u00e9ation des liens.<br \/>Toutefois, un contr\u00f4le permanent du contenu des pages li\u00e9es est d\u00e9raisonnable sans preuve concr\u00e8te d&#8217;une violation de la loi. Si nous prenons connaissance d&#8217;une infraction, nous supprimerons imm\u00e9diatement ces liens.<\/p><p>Droits d&#8217;auteur<br \/>Les contenus et \u0153uvres cr\u00e9\u00e9s par les exploitants de ces pages sont soumis au droit d&#8217;auteur allemand. La reproduction, l&#8217;\u00e9dition, la distribution et tout type d&#8217;utilisation en dehors des limites de la loi sur le droit d&#8217;auteur n\u00e9cessitent le consentement \u00e9crit de l&#8217;auteur ou du cr\u00e9ateur respectif. Les t\u00e9l\u00e9chargements et copies de ce site ne sont autoris\u00e9s que pour un usage priv\u00e9 et non commercial.<br \/>Dans la mesure o\u00f9 le contenu de ce site n&#8217;a pas \u00e9t\u00e9 cr\u00e9\u00e9 par l&#8217;op\u00e9rateur, les droits d&#8217;auteur de tiers sont respect\u00e9s. En particulier, les contenus de tiers sont marqu\u00e9s comme tels. Si vous avez n\u00e9anmoins connaissance d&#8217;une violation du droit d&#8217;auteur, veuillez nous en informer. D\u00e8s que nous avons connaissance de telles infractions, nous supprimerons imm\u00e9diatement ces contenus.<\/p><p>Copyright<br \/>\u00a9 ServiceUnion GmbH<br \/>Tous les droits sont r\u00e9serv\u00e9s. Les textes, extraits de textes, photos, images, graphiques et animations sont prot\u00e9g\u00e9s par le droit d&#8217;auteur. L&#8217;utilisation de ces donn\u00e9es n\u00e9cessite l&#8217;accord pr\u00e9alable de agriKomp GmbH. Sauf indication contraire, toutes les marques d\u00e9pos\u00e9es sur les sites Web agriKomp sont prot\u00e9g\u00e9es par le droit des marques<\/p>\t\t\t\t\t\t\t\t<\/div>\n\t\t\t\t<\/div>\n\t\t\t\t<div class=\"elementor-element elementor-element-17a21666 elementor-widget elementor-widget-spacer\" data-id=\"17a21666\" data-element_type=\"widget\" data-e-type=\"widget\" data-widget_type=\"spacer.default\">\n\t\t\t\t<div class=\"elementor-widget-container\">\n\t\t\t\t\t\t\t<div class=\"elementor-spacer\">\n\t\t\t<div class=\"elementor-spacer-inner\"><\/div>\n\t\t<\/div>\n\t\t\t\t\t\t<\/div>\n\t\t\t\t<\/div>\n\t\t\t\t\t<\/div>\n\t\t<\/div>\n\t\t\t\t\t<\/div>\n\t\t<\/section>\n\t\t\t\t<\/div>\n\t\t","protected":false},"excerpt":{"rendered":"<p>Mentions l\u00e9gales Informations selon \u00a75 R\u00e8glement sur les Services Num\u00e9riques (RSN) Contact : ServiceUnion France5, rue Franciade 1041260 La Chauss\u00e9e-St-Victor Repr\u00e9sent\u00e9 par : Eric KURZAWSKI Contact :T\u00e9l. : 02 45 94 00 16info@serviceunion.fr SAS unipersonnelle au capital de 2.920.000 \u20acEnregistrement :RCS Blois 838 991 115Siret : 838 991 115 000 18 N\u00b0 de TVA intracommunautaireLoi [&hellip;]<\/p>\n","protected":false},"author":6,"featured_media":0,"parent":0,"menu_order":0,"comment_status":"closed","ping_status":"closed","template":"","meta":{"footnotes":""},"class_list":["post-7993","page","type-page","status-publish","hentry"],"yoast_head":"<!-- This site is optimized with the Yoast SEO plugin v27.4 - https:\/\/yoast.com\/product\/yoast-seo-wordpress\/ -->\n<title>Mentions l\u00e9gales - ServiceUnion GmbH<\/title>\n<meta name=\"description\" content=\"Votre partenaire. 100% biogaz. Partout en France. Nos \u00e9quipes connaissent toutes les technologies des unit\u00e9s de m\u00e9thanisation agricole.\" \/>\n<meta name=\"robots\" content=\"noindex, nofollow\" \/>\n<meta property=\"og:locale\" content=\"fr_FR\" \/>\n<meta property=\"og:type\" content=\"article\" \/>\n<meta property=\"og:title\" content=\"Mentions l\u00e9gales - ServiceUnion GmbH\" \/>\n<meta property=\"og:description\" content=\"Votre partenaire. 100% biogaz. Partout en France. Nos \u00e9quipes connaissent toutes les technologies des unit\u00e9s de m\u00e9thanisation agricole.\" \/>\n<meta property=\"og:url\" content=\"https:\/\/serviceunion.com\/fr\/mentions-legales\/\" \/>\n<meta property=\"og:site_name\" content=\"ServiceUnion GmbH\" \/>\n<meta property=\"article:modified_time\" content=\"2025-07-15T14:13:34+00:00\" \/>\n<meta name=\"twitter:card\" content=\"summary_large_image\" \/>\n<meta name=\"twitter:label1\" content=\"Dur\u00e9e de lecture estim\u00e9e\" \/>\n\t<meta name=\"twitter:data1\" content=\"3 minutes\" \/>\n<script type=\"application\/ld+json\" class=\"yoast-schema-graph\">{\"@context\":\"https:\\\/\\\/schema.org\",\"@graph\":[{\"@type\":\"WebPage\",\"@id\":\"https:\\\/\\\/serviceunion.com\\\/fr\\\/mentions-legales\\\/\",\"url\":\"https:\\\/\\\/serviceunion.com\\\/fr\\\/mentions-legales\\\/\",\"name\":\"Mentions l\u00e9gales - ServiceUnion GmbH\",\"isPartOf\":{\"@id\":\"https:\\\/\\\/serviceunion.com\\\/de\\\/#website\"},\"datePublished\":\"2021-05-21T11:04:16+00:00\",\"dateModified\":\"2025-07-15T14:13:34+00:00\",\"description\":\"Votre partenaire. 100% biogaz. Partout en France. Nos \u00e9quipes connaissent toutes les technologies des unit\u00e9s de m\u00e9thanisation agricole.\",\"breadcrumb\":{\"@id\":\"https:\\\/\\\/serviceunion.com\\\/fr\\\/mentions-legales\\\/#breadcrumb\"},\"inLanguage\":\"fr-FR\",\"potentialAction\":[{\"@type\":\"ReadAction\",\"target\":[\"https:\\\/\\\/serviceunion.com\\\/fr\\\/mentions-legales\\\/\"]}]},{\"@type\":\"BreadcrumbList\",\"@id\":\"https:\\\/\\\/serviceunion.com\\\/fr\\\/mentions-legales\\\/#breadcrumb\",\"itemListElement\":[{\"@type\":\"ListItem\",\"position\":1,\"name\":\"Homepage\",\"item\":\"https:\\\/\\\/serviceunion.com\\\/fr\\\/\"},{\"@type\":\"ListItem\",\"position\":2,\"name\":\"Mentions l\u00e9gales\"}]},{\"@type\":\"WebSite\",\"@id\":\"https:\\\/\\\/serviceunion.com\\\/de\\\/#website\",\"url\":\"https:\\\/\\\/serviceunion.com\\\/de\\\/\",\"name\":\"ServiceUnion GmbH\",\"description\":\"Ihr regionaler Partner. Rund um Biogas. Bundesweit.\",\"publisher\":{\"@id\":\"https:\\\/\\\/serviceunion.com\\\/de\\\/#organization\"},\"potentialAction\":[{\"@type\":\"SearchAction\",\"target\":{\"@type\":\"EntryPoint\",\"urlTemplate\":\"https:\\\/\\\/serviceunion.com\\\/de\\\/?s={search_term_string}\"},\"query-input\":{\"@type\":\"PropertyValueSpecification\",\"valueRequired\":true,\"valueName\":\"search_term_string\"}}],\"inLanguage\":\"fr-FR\"},{\"@type\":\"Organization\",\"@id\":\"https:\\\/\\\/serviceunion.com\\\/de\\\/#organization\",\"name\":\"ServiceUnion GmbH\",\"url\":\"https:\\\/\\\/serviceunion.com\\\/de\\\/\",\"logo\":{\"@type\":\"ImageObject\",\"inLanguage\":\"fr-FR\",\"@id\":\"https:\\\/\\\/serviceunion.com\\\/de\\\/#\\\/schema\\\/logo\\\/image\\\/\",\"url\":\"https:\\\/\\\/serviceunion.com\\\/wp-content\\\/uploads\\\/2021\\\/02\\\/160601_su-serviceunion-logo-4c-01-300x47-2.png\",\"contentUrl\":\"https:\\\/\\\/serviceunion.com\\\/wp-content\\\/uploads\\\/2021\\\/02\\\/160601_su-serviceunion-logo-4c-01-300x47-2.png\",\"width\":300,\"height\":47,\"caption\":\"ServiceUnion GmbH\"},\"image\":{\"@id\":\"https:\\\/\\\/serviceunion.com\\\/de\\\/#\\\/schema\\\/logo\\\/image\\\/\"}}]}<\/script>\n<!-- \/ Yoast SEO plugin. -->","yoast_head_json":{"title":"Mentions l\u00e9gales - ServiceUnion GmbH","description":"Votre partenaire. 100% biogaz. Partout en France. Nos \u00e9quipes connaissent toutes les technologies des unit\u00e9s de m\u00e9thanisation agricole.","robots":{"index":"noindex","follow":"nofollow"},"og_locale":"fr_FR","og_type":"article","og_title":"Mentions l\u00e9gales - ServiceUnion GmbH","og_description":"Votre partenaire. 100% biogaz. Partout en France. Nos \u00e9quipes connaissent toutes les technologies des unit\u00e9s de m\u00e9thanisation agricole.","og_url":"https:\/\/serviceunion.com\/fr\/mentions-legales\/","og_site_name":"ServiceUnion GmbH","article_modified_time":"2025-07-15T14:13:34+00:00","twitter_card":"summary_large_image","twitter_misc":{"Dur\u00e9e de lecture estim\u00e9e":"3 minutes"},"schema":{"@context":"https:\/\/schema.org","@graph":[{"@type":"WebPage","@id":"https:\/\/serviceunion.com\/fr\/mentions-legales\/","url":"https:\/\/serviceunion.com\/fr\/mentions-legales\/","name":"Mentions l\u00e9gales - ServiceUnion GmbH","isPartOf":{"@id":"https:\/\/serviceunion.com\/de\/#website"},"datePublished":"2021-05-21T11:04:16+00:00","dateModified":"2025-07-15T14:13:34+00:00","description":"Votre partenaire. 100% biogaz. Partout en France. Nos \u00e9quipes connaissent toutes les technologies des unit\u00e9s de m\u00e9thanisation agricole.","breadcrumb":{"@id":"https:\/\/serviceunion.com\/fr\/mentions-legales\/#breadcrumb"},"inLanguage":"fr-FR","potentialAction":[{"@type":"ReadAction","target":["https:\/\/serviceunion.com\/fr\/mentions-legales\/"]}]},{"@type":"BreadcrumbList","@id":"https:\/\/serviceunion.com\/fr\/mentions-legales\/#breadcrumb","itemListElement":[{"@type":"ListItem","position":1,"name":"Homepage","item":"https:\/\/serviceunion.com\/fr\/"},{"@type":"ListItem","position":2,"name":"Mentions l\u00e9gales"}]},{"@type":"WebSite","@id":"https:\/\/serviceunion.com\/de\/#website","url":"https:\/\/serviceunion.com\/de\/","name":"ServiceUnion GmbH","description":"Ihr regionaler Partner. Rund um Biogas. Bundesweit.","publisher":{"@id":"https:\/\/serviceunion.com\/de\/#organization"},"potentialAction":[{"@type":"SearchAction","target":{"@type":"EntryPoint","urlTemplate":"https:\/\/serviceunion.com\/de\/?s={search_term_string}"},"query-input":{"@type":"PropertyValueSpecification","valueRequired":true,"valueName":"search_term_string"}}],"inLanguage":"fr-FR"},{"@type":"Organization","@id":"https:\/\/serviceunion.com\/de\/#organization","name":"ServiceUnion GmbH","url":"https:\/\/serviceunion.com\/de\/","logo":{"@type":"ImageObject","inLanguage":"fr-FR","@id":"https:\/\/serviceunion.com\/de\/#\/schema\/logo\/image\/","url":"https:\/\/serviceunion.com\/wp-content\/uploads\/2021\/02\/160601_su-serviceunion-logo-4c-01-300x47-2.png","contentUrl":"https:\/\/serviceunion.com\/wp-content\/uploads\/2021\/02\/160601_su-serviceunion-logo-4c-01-300x47-2.png","width":300,"height":47,"caption":"ServiceUnion GmbH"},"image":{"@id":"https:\/\/serviceunion.com\/de\/#\/schema\/logo\/image\/"}}]}},"_links":{"self":[{"href":"https:\/\/serviceunion.com\/fr\/wp-json\/wp\/v2\/pages\/7993","targetHints":{"allow":["GET"]}}],"collection":[{"href":"https:\/\/serviceunion.com\/fr\/wp-json\/wp\/v2\/pages"}],"about":[{"href":"https:\/\/serviceunion.com\/fr\/wp-json\/wp\/v2\/types\/page"}],"author":[{"embeddable":true,"href":"https:\/\/serviceunion.com\/fr\/wp-json\/wp\/v2\/users\/6"}],"replies":[{"embeddable":true,"href":"https:\/\/serviceunion.com\/fr\/wp-json\/wp\/v2\/comments?post=7993"}],"version-history":[{"count":23,"href":"https:\/\/serviceunion.com\/fr\/wp-json\/wp\/v2\/pages\/7993\/revisions"}],"predecessor-version":[{"id":10582,"href":"https:\/\/serviceunion.com\/fr\/wp-json\/wp\/v2\/pages\/7993\/revisions\/10582"}],"wp:attachment":[{"href":"https:\/\/serviceunion.com\/fr\/wp-json\/wp\/v2\/media?parent=7993"}],"curies":[{"name":"wp","href":"https:\/\/api.w.org\/{rel}","templated":true}]}}